{"id":2654,"date":"2023-11-15T01:25:27","date_gmt":"2023-11-15T01:25:27","guid":{"rendered":"https:\/\/hclegalcounsel.com\/?page_id=2654"},"modified":"2023-12-25T14:55:55","modified_gmt":"2023-12-25T14:55:55","slug":"ve-cong-ty","status":"publish","type":"page","link":"https:\/\/hclegalcounsel.com\/en\/ve-cong-ty\/","title":{"rendered":"V\u1ec1 c\u00f4ng ty"},"content":{"rendered":"<p><div class=\"fusion-fullwidth fullwidth-box fusion-builder-row-1 fusion-flex-container video-background has-pattern-background has-mask-background nonhundred-percent-fullwidth non-hundred-percent-height-scrolling\" style=\"--awb-border-sizes-top:0;--awb-border-sizes-bottom:0;--awb-border-sizes-left:0;--awb-border-sizes-right:0;--awb-border-radius-top-left:0px;--awb-border-radius-top-right:0px;--awb-border-radius-bottom-right:0px;--awb-border-radius-bottom-left:0px;--awb-padding-top:186px;--awb-padding-bottom:0px;--awb-padding-left:0px;--awb-padding-top-small:300px;--awb-margin-top:-60px;--awb-flex-wrap:wrap;\" ><div class=\"fullwidth-video\"><video preload=\"auto\" autoplay playsinline loop muted><source src=\"http:\/\/hclegalcounsel.com\/wp-content\/uploads\/2023\/11\/video-1080p-1.mp4\" type=\"video\/mp4\"><\/video><\/div><div class=\"fusion-builder-row fusion-row fusion-flex-align-items-flex-start fusion-flex-content-wrap\" style=\"max-width:1331.2px;margin-left: calc(-4% \/ 2 );margin-right: calc(-4% \/ 2 );\"><div class=\"fusion-layout-column fusion_builder_column fusion-builder-column-0 fusion_builder_column_2_5 2_5 fusion-flex-column fusion-no-small-visibility\" style=\"--awb-bg-size:cover;--awb-width-large:40%;--awb-margin-top-large:16px;--awb-spacing-right-large:4.8%;--awb-margin-bottom-large:16px;--awb-spacing-left-large:4.8%;--awb-width-medium:40%;--awb-order-medium:0;--awb-spacing-right-medium:4.8%;--awb-spacing-left-medium:4.8%;--awb-width-small:100%;--awb-order-small:0;--awb-spacing-right-small:1.92%;--awb-spacing-left-small:1.92%;\"><div class=\"fusion-column-wrapper fusion-column-has-shadow fusion-flex-justify-content-flex-start fusion-content-layout-column\"><\/div><\/div><div class=\"fusion-layout-column fusion_builder_column fusion-builder-column-1 fusion_builder_column_1_2 1_2 fusion-flex-column fusion-no-small-visibility\" style=\"--awb-padding-top:30px;--awb-padding-right:29px;--awb-padding-bottom:30px;--awb-padding-left:25px;--awb-padding-top-small:16px;--awb-padding-bottom-small:16px;--awb-bg-color:var(--awb-color3);--awb-bg-color-hover:var(--awb-color3);--awb-bg-size:cover;--awb-width-large:50%;--awb-margin-top-large:16px;--awb-spacing-right-large:11.328%;--awb-margin-bottom-large:-50px;--awb-spacing-left-large:0.96%;--awb-width-medium:50%;--awb-order-medium:0;--awb-spacing-right-medium:11.328%;--awb-spacing-left-medium:0.96%;--awb-width-small:100%;--awb-order-small:1;--awb-spacing-right-small:1.92%;--awb-spacing-left-small:1.92%;\"><div class=\"fusion-column-wrapper fusion-column-has-shadow fusion-flex-justify-content-flex-start fusion-content-layout-column\"><div class=\"fusion-title title fusion-title-1 fusion-sep-none fusion-title-text fusion-title-size-two\" style=\"--awb-text-color:var(--awb-color2);--awb-margin-left:20px;--awb-margin-bottom-small:20px;--awb-margin-left-small:20px;--awb-font-size:40px;\"><h2 class=\"fusion-title-heading title-heading-left fusion-responsive-typography-calculated\" style=\"margin:0;font-size:1em;--fontSize:40;line-height:1.12;\">C\u00f4ng ty t\u01b0 v\u1ea5n lu\u1eadt h\u00e0ng \u0111\u1ea7u Vi\u1ec7t Nam&nbsp;<\/h2><\/div><div class=\"fusion-text fusion-text-1\" style=\"--awb-text-color:var(--awb-color1);--awb-margin-right:22px;--awb-margin-left:20px;\"><p>V\u1edbi b\u1ec1 d\u00e0y nhi\u1ec1u n\u0103m kinh nghi\u1ec7m c\u00f9ng \u0111\u1ed9i ng\u0169 lu\u1eadt s\u01b0 v\u00e0 chuy\u00ean gia c\u1ed1 v\u1ea5n h\u00f9ng h\u1eadu, H&amp;C Legal cam k\u1ebft cung c\u1ea5p c\u00e1c gi\u1ea3i ph\u00e1p t\u01b0 v\u1ea5n chuy\u00ean nghi\u1ec7p v\u1edbi ch\u1ea5t l\u01b0\u1ee3ng cao v\u00e0 m\u1ee9c chi ph\u00ed h\u1ee3p l\u00fd nh\u1ea5t c\u00f9ng c\u00e1c gi\u1ea3i ph\u00e1p to\u00e0n di\u1ec7n, s\u00e1ng t\u1ea1o v\u00e0 th\u1ef1c ti\u1ec5n cho c\u00e1c v\u1ea5n \u0111\u1ec1 c\u1ee7a doanh nghi\u1ec7p.<\/p>\n<\/div><\/div><\/div><\/div><\/div><div class=\"fusion-fullwidth fullwidth-box fusion-builder-row-2 fusion-flex-container has-pattern-background has-mask-background nonhundred-percent-fullwidth non-hundred-percent-height-scrolling\" style=\"--awb-border-radius-top-left:0px;--awb-border-radius-top-right:0px;--awb-border-radius-bottom-right:0px;--awb-border-radius-bottom-left:0px;--awb-margin-top:80px;--awb-margin-top-small:16px;--awb-flex-wrap:wrap;\" ><div class=\"fusion-builder-row fusion-row fusion-flex-align-items-flex-start fusion-flex-content-wrap\" style=\"max-width:1331.2px;margin-left: calc(-4% \/ 2 );margin-right: calc(-4% \/ 2 );\"><div class=\"fusion-layout-column fusion_builder_column fusion-builder-column-2 fusion_builder_column_2_3 2_3 fusion-flex-column\" style=\"--awb-padding-right:100px;--awb-padding-left:100px;--awb-padding-right-small:30px;--awb-padding-left-small:30px;--awb-bg-size:cover;--awb-border-color:var(--awb-color8);--awb-border-style:solid;--awb-width-large:66.666666666667%;--awb-margin-top-large:16px;--awb-spacing-right-large:2.88%;--awb-margin-bottom-large:16px;--awb-spacing-left-large:2.88%;--awb-width-medium:66.666666666667%;--awb-order-medium:0;--awb-spacing-right-medium:2.88%;--awb-spacing-left-medium:2.88%;--awb-width-small:100%;--awb-order-small:1;--awb-margin-top-small:0px;--awb-spacing-right-small:1.92%;--awb-spacing-left-small:1.92%;\"><div class=\"fusion-column-wrapper fusion-column-has-shadow fusion-flex-justify-content-flex-start fusion-content-layout-column\"><div class=\"fusion-text fusion-text-2\" style=\"--awb-content-alignment:justify;\"><h2>Introduction<\/h2>\n<p>H&amp;C Legal \u0111\u01b0\u1ee3c th\u00e0nh l\u1eadp n\u0103m 2021, l\u00e0 n\u01a1i h\u1ed9i t\u1ee5 c\u1ee7a nh\u1eefng lu\u1eadt s\u01b0 c\u00f3 kinh nghi\u1ec7m h\u00e0nh ngh\u1ec1 l\u00e2u n\u0103m, am hi\u1ec3u s\u00e2u s\u1eafc ph\u00e1p lu\u1eadt v\u00e0 th\u1ef1c ti\u1ec5n.<\/p>\n<p>H&amp;C Legal hi\u1ec7n \u0111ang cung c\u1ea5p d\u1ecbch v\u1ee5 ph\u00e1p l\u00fd trong c\u00e1c l\u0129nh v\u1ef1c:<\/p>\n<ul>\n<li style=\"font-weight: 200;\" aria-level=\"1\">T\u01b0 v\u1ea5n ph\u00e1p lu\u1eadt v\u1ec1 doanh nghi\u1ec7p v\u00e0 c\u00e1c v\u1ea5n \u0111\u1ec1 ph\u00e1p l\u00fd trong doanh nghi\u1ec7p<\/li>\n<li style=\"font-weight: 200;\" aria-level=\"1\">T\u01b0 v\u1ea5n ph\u00e1p lu\u1eadt v\u1ec1 th\u01b0\u01a1ng m\u1ea1i (trong n\u01b0\u1edbc v\u00e0 qu\u1ed1c t\u1ebf), h\u1ee3p \u0111\u1ed3ng<\/li>\n<li style=\"font-weight: 200;\" aria-level=\"1\">T\u01b0 v\u1ea5n ph\u00e1p lu\u1eadt v\u1ec1 d\u1ef1 \u00e1n, M&amp;A<\/li>\n<li style=\"font-weight: 200;\" aria-level=\"1\">T\u01b0 v\u1ea5n ph\u00e1p lu\u1eadt v\u1ec1 \u0111\u1ea7u t\u01b0<\/li>\n<li style=\"font-weight: 200;\" aria-level=\"1\">T\u01b0 v\u1ea5n ph\u00e1p lu\u1eadt v\u1ec1 s\u1edf h\u1eefu tr\u00ed tu\u1ec7<\/li>\n<li style=\"font-weight: 200;\" aria-level=\"1\">T\u01b0 v\u1ea5n ph\u00e1p lu\u1eadt v\u1ec1 t\u00e0i ch\u00ednh &#8211; ng\u00e2n h\u00e0ng<\/li>\n<li style=\"font-weight: 200;\" aria-level=\"1\">T\u01b0 v\u1ea5n ph\u00e1p lu\u1eadt v\u1ec1 b\u1ea5t \u0111\u1ed9ng s\u1ea3n, x\u00e2y d\u1ef1ng<\/li>\n<li style=\"font-weight: 200;\" aria-level=\"1\">T\u01b0 v\u1ea5n ph\u00e1p lu\u1eadt v\u1ec1 lao \u0111\u1ed9ng<\/li>\n<li style=\"font-weight: 200;\" aria-level=\"1\">T\u01b0 v\u1ea5n ph\u00e1p lu\u1eadt v\u1ec1 thu\u1ebf<\/li>\n<li style=\"font-weight: 200;\" aria-level=\"1\">T\u01b0 v\u1ea5n ph\u00e1p lu\u1eadt th\u01b0\u1eddng xuy\u00ean cho doanh nghi\u1ec7p<\/li>\n<li style=\"font-weight: 200;\" aria-level=\"1\">Tham gia t\u1ed1 t\u1ee5ng, gi\u1ea3i quy\u1ebft tranh ch\u1ea5p<\/li>\n<\/ul>\n<p>V\u1edbi b\u1ec1 d\u00e0y nhi\u1ec1u n\u0103m kinh nghi\u1ec7m c\u00f9ng \u0111\u1ed9i ng\u0169 lu\u1eadt s\u01b0 v\u00e0 chuy\u00ean gia c\u1ed1 v\u1ea5n h\u00f9ng h\u1eadu, H&amp;C Legal cam k\u1ebft th\u1ec3 cung c\u1ea5p c\u00e1c gi\u1ea3i ph\u00e1p t\u01b0 v\u1ea5n chuy\u00ean nghi\u1ec7p, v\u1edbi ch\u1ea5t l\u01b0\u1ee3ng, \u0111\u1ed9 tin c\u1eady cao nh\u1ea5t v\u00e0 m\u1ee9c chi ph\u00ed h\u1ee3p l\u00fd nh\u1ea5t c\u00f9ng c\u00e1c gi\u1ea3i ph\u00e1p to\u00e0n di\u1ec7n, s\u00e1ng t\u1ea1o v\u00e0 th\u1ef1c ti\u1ec5n cho c\u00e1c v\u1ea5n \u0111\u1ec1 c\u1ee7a doanh nghi\u1ec7p.<\/p>\n<p>Kh\u00e1ch h\u00e0ng c\u1ee7a H&amp;C Legal ch\u1ee7 y\u1ebfu l\u00e0 c\u00e1c c\u00e1 nh\u00e2n, doanh nghi\u1ec7p, t\u1eadp \u0111o\u00e0n, t\u1ed5ng c\u00f4ng ty t\u01b0 nh\u00e2n t\u1ea1i Vi\u1ec7t Nam, c\u00e1c nh\u00e0 \u0111\u1ea7u t\u01b0 n\u01b0\u1edbc ngo\u00e0i. H&amp;C Legal \u0111\u01b0\u1ee3c \u0111\u00e1nh gi\u00e1 kh\u00f4ng ch\u1ec9 \u1edf Vi\u1ec7t Nam m\u00e0 c\u00f2n trong khu v\u1ef1c v\u00e0 qu\u1ed1c t\u1ebf l\u00e0 m\u1ed9t c\u00f4ng ty t\u01b0 v\u1ea5n chuy\u00ean nghi\u1ec7p h\u00e0ng \u0111\u1ea7u t\u1ea1i Vi\u1ec7t Nam. \u201cNhi\u1ec1u c\u00f4ng ty ho\u1ea1t \u0111\u1ed9ng trong c\u00f9ng l\u0129nh v\u1ef1c th\u1eeba nh\u1eadn r\u1eb1ng: \u201cH&amp;C Legal l\u00e0 m\u1ed9t trong nh\u1eefng l\u1ef1a ch\u1ecdn t\u1ed1t nh\u1ea5t\u201d, \u201cc\u00f3 th\u1ec3 cung c\u1ea5p \u0111\u01b0\u1ee3c c\u00e1c gi\u1ea3i ph\u00e1p t\u1ed5ng th\u1ec3, xu\u1ea5t s\u1eafc v\u00e0 to\u00e0n di\u1ec7n. D\u1ec5 d\u00e0ng th\u1ea5y r\u1eb1ng C\u00f4ng ty n\u00e0y l\u00e0 m\u1ed9t trong nh\u1eefng c\u00f4ng ty h\u00e0ng \u0111\u1ea7u v\u00e0 \u0111i ti\u00ean phong trong ho\u1ea1t \u0111\u1ed9ng ngh\u1ec1 nghi\u1ec7p\u201d.<\/p>\n<p>T\u00f4n ch\u1ec9 ho\u1ea1t \u0111\u1ed9ng c\u1ee7a H&amp;C Legal l\u00e0 th\u01b0\u1ee3ng t\u00f4n ph\u00e1p lu\u1eadt, b\u1ea3o v\u1ec7 l\u1ebd ph\u1ea3i, b\u1ea3o v\u1ec7 quy\u1ec1n l\u1ee3i h\u1ee3p ph\u00e1p c\u1ee7a doanh nghi\u1ec7p, t\u1ed5 ch\u1ee9c, c\u00e1 nh\u00e2n v\u00e0 l\u1ee3i \u00edch c\u1ee7a Nh\u00e0 n\u01b0\u1edbc; g\u00f3p ph\u1ea7n x\u00e2y d\u1ef1ng m\u00f4i tr\u01b0\u1eddng ph\u00e1p l\u00fd, m\u00f4i tr\u01b0\u1eddng kinh doanh l\u00e0nh m\u1ea1nh.<\/p>\n<p><span style=\"text-decoration: underline;\"><strong><i>Chuy\u00ean nghi\u1ec7p &#8211; Chu\u1ea9n m\u1ef1c &#8211; Tin c\u1eady<\/i><\/strong><\/span> l\u00e0 nguy\u00ean t\u1eafc ph\u1ee5c v\u1ee5 c\u1ee7a H&amp;C Legal \u1edf m\u1ecdi l\u00fac, m\u1ecdi n\u01a1i v\u00e0 trong m\u1ecdi v\u1ee5 vi\u1ec7c. V\u1edbi ph\u01b0\u01a1ng ch\u00e2m Lu\u00f4n suy ngh\u0129 v\u00ec kh\u00e1ch h\u00e0ng, H&amp;C Legal \u0111ang kh\u1eb3ng \u0111\u1ecbnh gi\u00e1 tr\u1ecb th\u01b0\u01a1ng hi\u1ec7u c\u1ee7a m\u00ecnh b\u1eb1ng ch\u1ea5t l\u01b0\u1ee3ng d\u1ecbch v\u1ee5 v\u00e0 s\u1ef1 tin t\u01b0\u1edfng c\u1ee7a c\u1ed9ng \u0111\u1ed3ng doanh nghi\u1ec7p, c\u00e1c nh\u00e0 \u0111\u1ea7u t\u01b0 v\u00e0 to\u00e0n x\u00e3 h\u1ed9i.<\/p>\n<\/div><\/div><\/div><div class=\"fusion-layout-column fusion_builder_column fusion-builder-column-3 fusion_builder_column_1_1 1_1 fusion-flex-column fusion-no-medium-visibility fusion-no-large-visibility\" style=\"--awb-padding-right-small:30px;--awb-padding-left-small:30px;--awb-bg-size:cover;--awb-width-large:100%;--awb-margin-top-large:16px;--awb-spacing-right-large:1.92%;--awb-margin-bottom-large:16px;--awb-spacing-left-large:1.92%;--awb-width-medium:100%;--awb-order-medium:0;--awb-spacing-right-medium:1.92%;--awb-spacing-left-medium:1.92%;--awb-width-small:100%;--awb-order-small:0;--awb-margin-top-small:0px;--awb-spacing-right-small:1.92%;--awb-margin-bottom-small:40px;--awb-spacing-left-small:1.92%;\"><div class=\"fusion-column-wrapper fusion-column-has-shadow fusion-flex-justify-content-flex-start fusion-content-layout-column\"><div class=\"fusion-title title fusion-title-2 fusion-sep-none fusion-title-text fusion-title-size-two\" style=\"--awb-text-color:var(--awb-color3);--awb-margin-bottom-small:0px;--awb-font-size:50px;\"><h2 class=\"fusion-title-heading title-heading-left fusion-responsive-typography-calculated\" style=\"margin:0;font-size:1em;--fontSize:50;line-height:1.12;\">C\u00f4ng ty t\u01b0 v\u1ea5n lu\u1eadt h\u00e0ng \u0111\u1ea7u Vi\u1ec7t Nam<\/h2><\/div><div class=\"fusion-text fusion-text-3\" style=\"--awb-font-size:16px;--awb-text-color:#aaaaaa;--awb-margin-top:20px;\"><p>V\u1edbi b\u1ec1 d\u00e0y nhi\u1ec1u n\u0103m kinh nghi\u1ec7m c\u00f9ng \u0111\u1ed9i ng\u0169 lu\u1eadt s\u01b0 v\u00e0 chuy\u00ean gia c\u1ed1 v\u1ea5n h\u00f9ng h\u1eadu, H&amp;C Legal cam k\u1ebft cung c\u1ea5p c\u00e1c gi\u1ea3i ph\u00e1p t\u01b0 v\u1ea5n chuy\u00ean nghi\u1ec7p v\u1edbi ch\u1ea5t l\u01b0\u1ee3ng cao v\u00e0 m\u1ee9c chi ph\u00ed h\u1ee3p l\u00fd nh\u1ea5t c\u00f9ng c\u00e1c gi\u1ea3i ph\u00e1p to\u00e0n di\u1ec7n, s\u00e1ng t\u1ea1o v\u00e0 th\u1ef1c ti\u1ec5n cho c\u00e1c v\u1ea5n \u0111\u1ec1 c\u1ee7a doanh nghi\u1ec7p.<\/p>\n<\/div><\/div><\/div><div class=\"fusion-layout-column fusion_builder_column fusion-builder-column-4 awb-sticky awb-sticky-small awb-sticky-medium awb-sticky-large fusion_builder_column_1_3 1_3 fusion-flex-column\" style=\"--awb-padding-top:8px;--awb-padding-right:28px;--awb-padding-bottom:8px;--awb-padding-left:28px;--awb-bg-color:var(--awb-color2);--awb-bg-color-hover:var(--awb-color2);--awb-bg-size:cover;--awb-width-large:33.333333333333%;--awb-margin-top-large:32px;--awb-spacing-right-large:5.76%;--awb-margin-bottom-large:16px;--awb-spacing-left-large:5.76%;--awb-width-medium:33.333333333333%;--awb-order-medium:0;--awb-spacing-right-medium:5.76%;--awb-spacing-left-medium:5.76%;--awb-width-small:100%;--awb-order-small:2;--awb-margin-top-small:0px;--awb-spacing-right-small:4.8%;--awb-margin-bottom-small:0px;--awb-spacing-left-small:4.8%;--awb-sticky-offset:100px;\"><div class=\"fusion-column-wrapper fusion-column-has-shadow fusion-flex-justify-content-flex-start fusion-content-layout-column\"><div class=\"fusion-title title fusion-title-3 fusion-sep-none fusion-title-text fusion-title-size-four\" style=\"--awb-text-color:var(--awb-color8);--awb-margin-bottom:-6px;--awb-margin-bottom-small:0px;--awb-font-size:32px;\"><h4 class=\"fusion-title-heading title-heading-left fusion-responsive-typography-calculated\" style=\"margin:0;font-size:1em;--fontSize:32;line-height:1.32;\"><h2>V\u1ec1 c\u00f4ng ty<\/h2><\/h4><\/div><div class=\"fusion-text fusion-text-4 fusion-text-no-margin\" style=\"--awb-font-size:18px;--awb-line-height:var(--awb-typography4-line-height);--awb-letter-spacing:var(--awb-typography4-letter-spacing);--awb-text-transform:var(--awb-typography4-text-transform);--awb-text-color:var(--awb-color3);--awb-margin-bottom:5px;--awb-text-font-family:&quot;Public Sans&quot;;--awb-text-font-style:normal;--awb-text-font-weight:500;\"><p><a href=\"https:\/\/hclegalcounsel.com\/en\/tam-nhin\/\">T\u1ea7m nh\u00ecn<\/a><\/p>\n<\/div><div class=\"fusion-separator fusion-full-width-sep\" style=\"align-self: center;margin-left: auto;margin-right: auto;margin-top:0px;width:100%;\"><div class=\"fusion-separator-border sep-single sep-solid\" style=\"--awb-height:20px;--awb-amount:20px;--awb-sep-color:hsla(var(--awb-color8-h),var(--awb-color8-s),var(--awb-color8-l),calc(var(--awb-color8-a) - 80%));border-color:hsla(var(--awb-color8-h),var(--awb-color8-s),var(--awb-color8-l),calc(var(--awb-color8-a) - 80%));border-top-width:1px;\"><\/div><\/div><div class=\"fusion-text fusion-text-5 fusion-text-no-margin\" style=\"--awb-font-size:18px;--awb-line-height:var(--awb-typography4-line-height);--awb-letter-spacing:var(--awb-typography4-letter-spacing);--awb-text-transform:var(--awb-typography4-text-transform);--awb-text-color:var(--awb-color8);--awb-margin-top:5px;--awb-margin-bottom:5px;--awb-text-font-family:&quot;Public Sans&quot;;--awb-text-font-style:normal;--awb-text-font-weight:500;\"><p><a href=\"https:\/\/hclegalcounsel.com\/en\/su-menh\/\">S\u1ee9 m\u1ec7nh&nbsp;<\/a><\/p>\n<\/div><div class=\"fusion-separator fusion-full-width-sep\" style=\"align-self: center;margin-left: auto;margin-right: auto;margin-top:0px;width:100%;\"><div class=\"fusion-separator-border sep-single sep-solid\" style=\"--awb-height:20px;--awb-amount:20px;--awb-sep-color:hsla(var(--awb-color8-h),var(--awb-color8-s),var(--awb-color8-l),calc(var(--awb-color8-a) - 80%));border-color:hsla(var(--awb-color8-h),var(--awb-color8-s),var(--awb-color8-l),calc(var(--awb-color8-a) - 80%));border-top-width:1px;\"><\/div><\/div><div class=\"fusion-text fusion-text-6 fusion-text-no-margin\" style=\"--awb-font-size:18px;--awb-line-height:var(--awb-typography4-line-height);--awb-letter-spacing:var(--awb-typography4-letter-spacing);--awb-text-transform:var(--awb-typography4-text-transform);--awb-margin-top:5px;--awb-margin-bottom:5px;--awb-text-font-family:&quot;Public Sans&quot;;--awb-text-font-style:normal;--awb-text-font-weight:500;\"><p><a href=\"https:\/\/hclegalcounsel.com\/en\/cac-gia-tri-cot-loi\/\">C\u00e1c gi\u00e1 tr\u1ecb c\u1ed1t l\u00f5i&nbsp;<\/a><\/p>\n<\/div><\/div><\/div><\/div><\/div><\/p>","protected":false},"excerpt":{"rendered":"","protected":false},"author":2,"featured_media":0,"parent":0,"menu_order":0,"comment_status":"closed","ping_status":"closed","template":"100-width.php","meta":{"footnotes":""},"aioseo_notices":[],"_links":{"self":[{"href":"https:\/\/hclegalcounsel.com\/en\/wp-json\/wp\/v2\/pages\/2654"}],"collection":[{"href":"https:\/\/hclegalcounsel.com\/en\/wp-json\/wp\/v2\/pages"}],"about":[{"href":"https:\/\/hclegalcounsel.com\/en\/wp-json\/wp\/v2\/types\/page"}],"author":[{"embeddable":true,"href":"https:\/\/hclegalcounsel.com\/en\/wp-json\/wp\/v2\/users\/2"}],"replies":[{"embeddable":true,"href":"https:\/\/hclegalcounsel.com\/en\/wp-json\/wp\/v2\/comments?post=2654"}],"version-history":[{"count":56,"href":"https:\/\/hclegalcounsel.com\/en\/wp-json\/wp\/v2\/pages\/2654\/revisions"}],"predecessor-version":[{"id":4884,"href":"https:\/\/hclegalcounsel.com\/en\/wp-json\/wp\/v2\/pages\/2654\/revisions\/4884"}],"wp:attachment":[{"href":"https:\/\/hclegalcounsel.com\/en\/wp-json\/wp\/v2\/media?parent=2654"}],"curies":[{"name":"wp","href":"https:\/\/api.w.org\/{rel}","templated":true}]}}