{"id":3671,"date":"2023-11-30T13:51:17","date_gmt":"2023-11-30T13:51:17","guid":{"rendered":"https:\/\/hclegalcounsel.com\/?page_id=3671"},"modified":"2023-12-25T15:07:12","modified_gmt":"2023-12-25T15:07:12","slug":"luat-su","status":"publish","type":"page","link":"https:\/\/hclegalcounsel.com\/en\/luat-su\/","title":{"rendered":"Lu\u1eadt s\u01b0"},"content":{"rendered":"<p><div class=\"fusion-fullwidth fullwidth-box fusion-builder-row-1 fusion-flex-container video-background has-pattern-background has-mask-background nonhundred-percent-fullwidth non-hundred-percent-height-scrolling\" style=\"--awb-border-sizes-top:0;--awb-border-sizes-bottom:0;--awb-border-sizes-left:0;--awb-border-sizes-right:0;--awb-border-radius-top-left:0px;--awb-border-radius-top-right:0px;--awb-border-radius-bottom-right:0px;--awb-border-radius-bottom-left:0px;--awb-padding-top:186px;--awb-padding-bottom:0px;--awb-padding-left:0px;--awb-padding-top-small:300px;--awb-margin-top:-60px;--awb-flex-wrap:wrap;\" ><div class=\"fullwidth-video\"><video preload=\"auto\" autoplay playsinline loop muted><source src=\"http:\/\/hclegalcounsel.com\/wp-content\/uploads\/2023\/11\/pexels-sergey-rudakov-11015133-Original.mp4\" type=\"video\/mp4\"><\/video><\/div><div class=\"fusion-builder-row fusion-row fusion-flex-align-items-flex-start fusion-flex-content-wrap\" style=\"max-width:1331.2px;margin-left: calc(-4% \/ 2 );margin-right: calc(-4% \/ 2 );\"><div class=\"fusion-layout-column fusion_builder_column fusion-builder-column-0 fusion_builder_column_2_5 2_5 fusion-flex-column fusion-no-small-visibility\" style=\"--awb-bg-size:cover;--awb-width-large:40%;--awb-margin-top-large:16px;--awb-spacing-right-large:4.8%;--awb-margin-bottom-large:16px;--awb-spacing-left-large:4.8%;--awb-width-medium:40%;--awb-order-medium:0;--awb-spacing-right-medium:4.8%;--awb-spacing-left-medium:4.8%;--awb-width-small:100%;--awb-order-small:0;--awb-spacing-right-small:1.92%;--awb-spacing-left-small:1.92%;\"><div class=\"fusion-column-wrapper fusion-column-has-shadow fusion-flex-justify-content-flex-start fusion-content-layout-column\"><\/div><\/div><div class=\"fusion-layout-column fusion_builder_column fusion-builder-column-1 fusion_builder_column_1_2 1_2 fusion-flex-column fusion-no-small-visibility\" style=\"--awb-padding-top:30px;--awb-padding-right:29px;--awb-padding-bottom:30px;--awb-padding-left:25px;--awb-bg-color:var(--awb-color3);--awb-bg-color-hover:var(--awb-color3);--awb-bg-size:cover;--awb-width-large:50%;--awb-margin-top-large:16px;--awb-spacing-right-large:11.328%;--awb-margin-bottom-large:-50px;--awb-spacing-left-large:0.96%;--awb-width-medium:50%;--awb-order-medium:0;--awb-spacing-right-medium:11.328%;--awb-spacing-left-medium:0.96%;--awb-width-small:100%;--awb-order-small:0;--awb-spacing-right-small:1.92%;--awb-spacing-left-small:1.92%;\"><div class=\"fusion-column-wrapper fusion-column-has-shadow fusion-flex-justify-content-flex-start fusion-content-layout-column\"><div class=\"fusion-title title fusion-title-1 fusion-sep-none fusion-title-text fusion-title-size-two\" style=\"--awb-text-color:var(--awb-color1);--awb-margin-top:20px;--awb-margin-left:20px;--awb-margin-bottom-small:20px;--awb-margin-left-small:20px;--awb-font-size:40px;\"><h2 class=\"fusion-title-heading title-heading-left fusion-responsive-typography-calculated\" style=\"margin:0;font-size:1em;--fontSize:40;line-height:1.12;\">\u0110\u1ed9i ng\u0169 lu\u1eadt s\u01b0 v\u1edbi chuy\u00ean m\u00f4n d\u00e0y d\u1eb7n<\/h2><\/div><div class=\"fusion-text fusion-text-1\" style=\"--awb-text-color:var(--awb-color1);--awb-margin-right:22px;--awb-margin-left:20px;\"><p>V\u1edbi chuy\u00ean m\u00f4n s\u00e2u v\u00e0 kinh nghi\u1ec7m phong ph\u00fa, \u0111\u1ed9i ng\u0169 lu\u1eadt s\u01b0 c\u1ee7a H&amp;C Legal cam k\u1ebft \u0111em l\u1ea1i d\u1ecbch v\u1ee5 ph\u00e1p l\u00fd to\u00e0n di\u1ec7n t\u1edbi t\u1eebng nhu c\u1ea7u c\u1ee7a kh\u00e1ch h\u00e0ng<\/p>\n<\/div><\/div><\/div><\/div><\/div><div class=\"fusion-fullwidth fullwidth-box fusion-builder-row-2 fusion-flex-container has-pattern-background has-mask-background nonhundred-percent-fullwidth non-hundred-percent-height-scrolling\" style=\"--awb-border-radius-top-left:0px;--awb-border-radius-top-right:0px;--awb-border-radius-bottom-right:0px;--awb-border-radius-bottom-left:0px;--awb-margin-top:124px;--awb-margin-top-small:16px;--awb-flex-wrap:wrap;\" ><div class=\"fusion-builder-row fusion-row fusion-flex-align-items-flex-start fusion-flex-content-wrap\" style=\"max-width:1331.2px;margin-left: calc(-4% \/ 2 );margin-right: calc(-4% \/ 2 );\"><div class=\"fusion-layout-column fusion_builder_column fusion-builder-column-2 fusion_builder_column_3_4 3_4 fusion-flex-column\" style=\"--awb-padding-right-small:30px;--awb-padding-left-small:30px;--awb-bg-size:cover;--awb-width-large:75%;--awb-margin-top-large:16px;--awb-spacing-right-large:2.56%;--awb-margin-bottom-large:16px;--awb-spacing-left-large:2.56%;--awb-width-medium:75%;--awb-order-medium:0;--awb-spacing-right-medium:2.56%;--awb-spacing-left-medium:2.56%;--awb-width-small:100%;--awb-order-small:1;--awb-margin-top-small:0px;--awb-spacing-right-small:1.92%;--awb-spacing-left-small:1.92%;\"><div class=\"fusion-column-wrapper fusion-column-has-shadow fusion-flex-justify-content-flex-start fusion-content-layout-column\"><div class=\"fusion-builder-row fusion-builder-row-inner fusion-row fusion-flex-align-items-flex-start fusion-flex-content-wrap\" style=\"width:104% !important;max-width:104% !important;margin-left: calc(-4% \/ 2 );margin-right: calc(-4% \/ 2 );\"><div class=\"fusion-layout-column fusion_builder_column_inner fusion-builder-nested-column-0 fusion_builder_column_inner_1_3 1_3 fusion-flex-column fusion-column-inner-bg-wrapper\" style=\"--awb-padding-bottom:4px;--awb-padding-bottom-small:0px;--awb-inner-bg-color:var(--awb-color2);--awb-inner-bg-color-hover:var(--awb-color2);--awb-inner-bg-size:cover;--awb-width-large:33.333333333333%;--awb-margin-top-large:16px;--awb-spacing-right-large:5.76%;--awb-margin-bottom-large:16px;--awb-spacing-left-large:5.76%;--awb-width-medium:33.333333333333%;--awb-order-medium:0;--awb-spacing-right-medium:5.76%;--awb-spacing-left-medium:5.76%;--awb-width-small:100%;--awb-order-small:0;--awb-spacing-right-small:1.92%;--awb-spacing-left-small:1.92%;\"><span class=\"fusion-column-inner-bg hover-type-none\"><a class=\"fusion-column-anchor\" href=\"https:\/\/hclegalcounsel.com\/en\/bich-thuy\/\"><span class=\"fusion-column-inner-bg-image\"><\/span><\/a><\/span><div class=\"fusion-column-wrapper fusion-column-has-shadow fusion-flex-justify-content-flex-start fusion-content-layout-column\"><div class=\"fusion-image-element\" style=\"--awb-caption-title-font-family:var(--h2_typography-font-family);--awb-caption-title-font-weight:var(--h2_typography-font-weight);--awb-caption-title-font-style:var(--h2_typography-font-style);--awb-caption-title-size:var(--h2_typography-font-size);--awb-caption-title-transform:var(--h2_typography-text-transform);--awb-caption-title-line-height:var(--h2_typography-line-height);--awb-caption-title-letter-spacing:var(--h2_typography-letter-spacing);\"><span class=\"fusion-imageframe imageframe-none imageframe-1 hover-type-none\"><img decoding=\"async\" width=\"499\" height=\"499\" title=\"A\u0309nh_ma\u0300n_hi\u0300nh_2023-12-05_lu\u0301c_00.07.55-removebg-preview\" src=\"https:\/\/hclegalcounsel.com\/wp-content\/uploads\/2023\/12\/Anh_man_hinh_2023-12-05_luc_00.07.55-removebg-preview.png\" data-orig-src=\"http:\/\/hclegalcounsel.com\/wp-content\/uploads\/2023\/12\/Anh_man_hinh_2023-12-05_luc_00.07.55-removebg-preview.png\" alt class=\"lazyload img-responsive wp-image-4044\" srcset=\"data:image\/svg+xml,%3Csvg%20xmlns%3D%27http%3A%2F%2Fwww.w3.org%2F2000%2Fsvg%27%20width%3D%27499%27%20height%3D%27499%27%20viewBox%3D%270%200%20499%20499%27%3E%3Crect%20width%3D%27499%27%20height%3D%27499%27%20fill-opacity%3D%220%22%2F%3E%3C%2Fsvg%3E\" data-srcset=\"https:\/\/hclegalcounsel.com\/wp-content\/uploads\/2023\/12\/Anh_man_hinh_2023-12-05_luc_00.07.55-removebg-preview-200x200.png 200w, https:\/\/hclegalcounsel.com\/wp-content\/uploads\/2023\/12\/Anh_man_hinh_2023-12-05_luc_00.07.55-removebg-preview-400x400.png 400w, https:\/\/hclegalcounsel.com\/wp-content\/uploads\/2023\/12\/Anh_man_hinh_2023-12-05_luc_00.07.55-removebg-preview.png 499w\" data-sizes=\"auto\" data-orig-sizes=\"(max-width: 640px) 100vw, 400px\" \/><\/span><\/div><div class=\"fusion-title title fusion-title-2 fusion-sep-none fusion-title-center fusion-title-text fusion-title-size-two\" style=\"--awb-text-color:var(--awb-color3);--awb-margin-top:16px;--awb-margin-bottom:0px;--awb-margin-top-small:14px;--awb-margin-bottom-small:0px;--awb-font-size:24px;\"><h2 class=\"fusion-title-heading title-heading-center fusion-responsive-typography-calculated\" style=\"margin:0;font-size:1em;--fontSize:24;line-height:1.12;\">B\u00edch Thu\u1ef7<\/h2><\/div><div class=\"fusion-text fusion-text-2\" style=\"--awb-content-alignment:center;--awb-margin-top:10px;\"><p>Lu\u1eadt s\u01b0<\/p>\n<\/div><\/div><\/div><div class=\"fusion-layout-column fusion_builder_column_inner fusion-builder-nested-column-1 fusion_builder_column_inner_1_3 1_3 fusion-flex-column fusion-column-inner-bg-wrapper\" style=\"--awb-padding-bottom:4px;--awb-padding-bottom-small:0px;--awb-inner-bg-color:var(--awb-color2);--awb-inner-bg-color-hover:var(--awb-color2);--awb-inner-bg-size:cover;--awb-width-large:33.333333333333%;--awb-margin-top-large:16px;--awb-spacing-right-large:5.76%;--awb-margin-bottom-large:16px;--awb-spacing-left-large:5.76%;--awb-width-medium:33.333333333333%;--awb-order-medium:0;--awb-spacing-right-medium:5.76%;--awb-spacing-left-medium:5.76%;--awb-width-small:100%;--awb-order-small:0;--awb-spacing-right-small:1.92%;--awb-spacing-left-small:1.92%;\"><span class=\"fusion-column-inner-bg hover-type-none\"><a class=\"fusion-column-anchor\" href=\"https:\/\/hclegalcounsel.com\/en\/hai-chau\/\"><span class=\"fusion-column-inner-bg-image\"><\/span><\/a><\/span><div class=\"fusion-column-wrapper fusion-column-has-shadow fusion-flex-justify-content-flex-start fusion-content-layout-column\"><div class=\"fusion-image-element\" style=\"--awb-caption-title-font-family:var(--h2_typography-font-family);--awb-caption-title-font-weight:var(--h2_typography-font-weight);--awb-caption-title-font-style:var(--h2_typography-font-style);--awb-caption-title-size:var(--h2_typography-font-size);--awb-caption-title-transform:var(--h2_typography-text-transform);--awb-caption-title-line-height:var(--h2_typography-line-height);--awb-caption-title-letter-spacing:var(--h2_typography-letter-spacing);\"><span class=\"fusion-imageframe imageframe-none imageframe-2 hover-type-none\"><img decoding=\"async\" width=\"500\" height=\"500\" title=\"A\u0309nh_ma\u0300n_hi\u0300nh_2023-12-05_lu\u0301c_01.39.05-removebg-preview\" src=\"https:\/\/hclegalcounsel.com\/wp-content\/uploads\/2023\/12\/Anh_man_hinh_2023-12-05_luc_01.39.05-removebg-preview.png\" data-orig-src=\"http:\/\/hclegalcounsel.com\/wp-content\/uploads\/2023\/12\/Anh_man_hinh_2023-12-05_luc_01.39.05-removebg-preview.png\" alt class=\"lazyload img-responsive wp-image-4048\" srcset=\"data:image\/svg+xml,%3Csvg%20xmlns%3D%27http%3A%2F%2Fwww.w3.org%2F2000%2Fsvg%27%20width%3D%27500%27%20height%3D%27500%27%20viewBox%3D%270%200%20500%20500%27%3E%3Crect%20width%3D%27500%27%20height%3D%27500%27%20fill-opacity%3D%220%22%2F%3E%3C%2Fsvg%3E\" data-srcset=\"https:\/\/hclegalcounsel.com\/wp-content\/uploads\/2023\/12\/Anh_man_hinh_2023-12-05_luc_01.39.05-removebg-preview-200x200.png 200w, https:\/\/hclegalcounsel.com\/wp-content\/uploads\/2023\/12\/Anh_man_hinh_2023-12-05_luc_01.39.05-removebg-preview-400x400.png 400w, https:\/\/hclegalcounsel.com\/wp-content\/uploads\/2023\/12\/Anh_man_hinh_2023-12-05_luc_01.39.05-removebg-preview.png 500w\" data-sizes=\"auto\" data-orig-sizes=\"(max-width: 640px) 100vw, 400px\" \/><\/span><\/div><div class=\"fusion-title title fusion-title-3 fusion-sep-none fusion-title-center fusion-title-text fusion-title-size-two\" style=\"--awb-text-color:var(--awb-color3);--awb-margin-top:16px;--awb-margin-bottom:0px;--awb-margin-top-small:14px;--awb-margin-bottom-small:0px;--awb-font-size:24px;\"><h2 class=\"fusion-title-heading title-heading-center fusion-responsive-typography-calculated\" style=\"margin:0;font-size:1em;--fontSize:24;line-height:1.12;\">H\u1ea3i Ch\u00e2u<\/h2><\/div><div class=\"fusion-text fusion-text-3\" style=\"--awb-content-alignment:center;--awb-margin-top:10px;\"><p>Lu\u1eadt s\u01b0<\/p>\n<\/div><\/div><\/div><div class=\"fusion-layout-column fusion_builder_column_inner fusion-builder-nested-column-2 fusion_builder_column_inner_1_3 1_3 fusion-flex-column fusion-column-inner-bg-wrapper\" style=\"--awb-padding-bottom:4px;--awb-padding-bottom-small:0px;--awb-inner-bg-color:var(--awb-color2);--awb-inner-bg-color-hover:var(--awb-color2);--awb-inner-bg-size:cover;--awb-width-large:33.333333333333%;--awb-margin-top-large:16px;--awb-spacing-right-large:5.76%;--awb-margin-bottom-large:16px;--awb-spacing-left-large:5.76%;--awb-width-medium:33.333333333333%;--awb-order-medium:0;--awb-spacing-right-medium:5.76%;--awb-spacing-left-medium:5.76%;--awb-width-small:100%;--awb-order-small:0;--awb-spacing-right-small:1.92%;--awb-spacing-left-small:1.92%;\"><span class=\"fusion-column-inner-bg hover-type-none\"><a class=\"fusion-column-anchor\" href=\"https:\/\/hclegalcounsel.com\/en\/tony-nguyen\/\"><span class=\"fusion-column-inner-bg-image\"><\/span><\/a><\/span><div class=\"fusion-column-wrapper fusion-column-has-shadow fusion-flex-justify-content-flex-start fusion-content-layout-column\"><div class=\"fusion-image-element\" style=\"--awb-caption-title-font-family:var(--h2_typography-font-family);--awb-caption-title-font-weight:var(--h2_typography-font-weight);--awb-caption-title-font-style:var(--h2_typography-font-style);--awb-caption-title-size:var(--h2_typography-font-size);--awb-caption-title-transform:var(--h2_typography-text-transform);--awb-caption-title-line-height:var(--h2_typography-line-height);--awb-caption-title-letter-spacing:var(--h2_typography-letter-spacing);\"><span class=\"fusion-imageframe imageframe-none imageframe-3 hover-type-none\"><img decoding=\"async\" width=\"500\" height=\"500\" title=\"A\u0309nh_ma\u0300n_hi\u0300nh_2023-12-04_lu\u0301c_22.22.51-removebg-preview\" src=\"https:\/\/hclegalcounsel.com\/wp-content\/uploads\/2023\/12\/Anh_man_hinh_2023-12-04_luc_22.22.51-removebg-preview.png\" data-orig-src=\"http:\/\/hclegalcounsel.com\/wp-content\/uploads\/2023\/12\/Anh_man_hinh_2023-12-04_luc_22.22.51-removebg-preview.png\" alt class=\"lazyload img-responsive wp-image-4011\" srcset=\"data:image\/svg+xml,%3Csvg%20xmlns%3D%27http%3A%2F%2Fwww.w3.org%2F2000%2Fsvg%27%20width%3D%27500%27%20height%3D%27500%27%20viewBox%3D%270%200%20500%20500%27%3E%3Crect%20width%3D%27500%27%20height%3D%27500%27%20fill-opacity%3D%220%22%2F%3E%3C%2Fsvg%3E\" data-srcset=\"https:\/\/hclegalcounsel.com\/wp-content\/uploads\/2023\/12\/Anh_man_hinh_2023-12-04_luc_22.22.51-removebg-preview-200x200.png 200w, https:\/\/hclegalcounsel.com\/wp-content\/uploads\/2023\/12\/Anh_man_hinh_2023-12-04_luc_22.22.51-removebg-preview-400x400.png 400w, https:\/\/hclegalcounsel.com\/wp-content\/uploads\/2023\/12\/Anh_man_hinh_2023-12-04_luc_22.22.51-removebg-preview.png 500w\" data-sizes=\"auto\" data-orig-sizes=\"(max-width: 640px) 100vw, 400px\" \/><\/span><\/div><div class=\"fusion-title title fusion-title-4 fusion-sep-none fusion-title-center fusion-title-text fusion-title-size-two\" style=\"--awb-text-color:var(--awb-color3);--awb-margin-top:16px;--awb-margin-bottom:0px;--awb-margin-top-small:14px;--awb-margin-bottom-small:0px;--awb-font-size:24px;\"><h2 class=\"fusion-title-heading title-heading-center fusion-responsive-typography-calculated\" style=\"margin:0;font-size:1em;--fontSize:24;line-height:1.12;\">Tony Nguy\u1ec5n<\/h2><\/div><div class=\"fusion-text fusion-text-4\" style=\"--awb-content-alignment:center;--awb-margin-top:10px;\"><p>Lu\u1eadt s\u01b0<\/p>\n<\/div><\/div><\/div><\/div><\/div><\/div><div class=\"fusion-layout-column fusion_builder_column fusion-builder-column-3 fusion_builder_column_1_1 1_1 fusion-flex-column fusion-no-medium-visibility fusion-no-large-visibility\" style=\"--awb-padding-right-small:26px;--awb-padding-left-small:10px;--awb-bg-size:cover;--awb-width-large:100%;--awb-margin-top-large:16px;--awb-spacing-right-large:1.92%;--awb-margin-bottom-large:16px;--awb-spacing-left-large:1.92%;--awb-width-medium:100%;--awb-order-medium:0;--awb-spacing-right-medium:1.92%;--awb-spacing-left-medium:1.92%;--awb-width-small:100%;--awb-order-small:0;--awb-margin-top-small:0px;--awb-spacing-right-small:1.92%;--awb-margin-bottom-small:0px;--awb-spacing-left-small:1.92%;\"><div class=\"fusion-column-wrapper fusion-column-has-shadow fusion-flex-justify-content-flex-start fusion-content-layout-column\"><div class=\"fusion-title title fusion-title-5 fusion-sep-none fusion-title-text fusion-title-size-two\" style=\"--awb-text-color:var(--awb-color3);--awb-margin-bottom-small:0px;--awb-margin-left-small:20px;--awb-font-size:50px;\"><h2 class=\"fusion-title-heading title-heading-left fusion-responsive-typography-calculated\" style=\"margin:0;font-size:1em;--fontSize:50;line-height:1.12;\">\u0110\u1ed9i ng\u0169 lu\u1eadt s\u01b0 v\u1edbi chuy\u00ean m\u00f4n d\u00e0y d\u1eb7n&nbsp;<\/h2><\/div><div class=\"fusion-text fusion-text-5\" style=\"--awb-font-size:16px;--awb-text-color:#aaaaaa;--awb-margin-top:20px;--awb-margin-left:20px;\"><p>V\u1edbi chuy\u00ean m\u00f4n s\u00e2u v\u00e0 kinh nghi\u1ec7m phong ph\u00fa, \u0111\u1ed9i ng\u0169 lu\u1eadt s\u01b0 c\u1ee7a H&amp;C Legal cam k\u1ebft \u0111em l\u1ea1i d\u1ecbch v\u1ee5 ph\u00e1p l\u00fd to\u00e0n di\u1ec7n t\u1edbi t\u1eebng nhu c\u1ea7u c\u1ee7a kh\u00e1ch h\u00e0ng<\/p>\n<\/div><\/div><\/div><div class=\"fusion-layout-column fusion_builder_column fusion-builder-column-4 awb-sticky awb-sticky-small awb-sticky-medium awb-sticky-large fusion_builder_column_1_4 1_4 fusion-flex-column\" style=\"--awb-padding-top:8px;--awb-padding-right:16px;--awb-padding-bottom:8px;--awb-padding-left:16px;--awb-bg-color:var(--awb-color2);--awb-bg-color-hover:var(--awb-color2);--awb-bg-size:cover;--awb-width-large:25%;--awb-margin-top-large:34px;--awb-spacing-right-large:7.68%;--awb-margin-bottom-large:16px;--awb-spacing-left-large:7.68%;--awb-width-medium:25%;--awb-order-medium:0;--awb-spacing-right-medium:7.68%;--awb-spacing-left-medium:7.68%;--awb-width-small:100%;--awb-order-small:2;--awb-margin-top-small:0px;--awb-spacing-right-small:8.64%;--awb-margin-bottom-small:0px;--awb-spacing-left-small:8.64%;--awb-sticky-offset:100px;\"><div class=\"fusion-column-wrapper fusion-column-has-shadow fusion-flex-justify-content-flex-start fusion-content-layout-column\"><div class=\"fusion-title title fusion-title-6 fusion-sep-none fusion-title-text fusion-title-size-four\" style=\"--awb-text-color:var(--awb-color8);--awb-margin-bottom:-6px;--awb-margin-bottom-small:0px;\"><h4 class=\"fusion-title-heading title-heading-left fusion-responsive-typography-calculated\" style=\"margin:0;--fontSize:28;line-height:1.32;\"><h2>\u0110\u1ed9i ng\u0169 lu\u1eadt s\u01b0<\/h2><\/h4><\/div><div class=\"fusion-text fusion-text-6 fusion-text-no-margin\" style=\"--awb-font-size:16px;--awb-line-height:var(--awb-typography4-line-height);--awb-letter-spacing:var(--awb-typography4-letter-spacing);--awb-text-transform:var(--awb-typography4-text-transform);--awb-text-color:var(--awb-color3);--awb-margin-top:5px;--awb-margin-bottom:5px;--awb-text-font-family:&quot;Public Sans&quot;;--awb-text-font-style:normal;--awb-text-font-weight:600;\"><p><a href=\"https:\/\/hclegalcounsel.com\/en\/doi-ngu-luat-su\/\">T\u1ea5t c\u1ea3 lu\u1eadt s\u01b0&nbsp;<\/a><\/p>\n<\/div><div class=\"fusion-separator fusion-full-width-sep\" style=\"align-self: center;margin-left: auto;margin-right: auto;margin-top:0px;width:100%;\"><div class=\"fusion-separator-border sep-single sep-solid\" style=\"--awb-height:20px;--awb-amount:20px;--awb-sep-color:hsla(var(--awb-color8-h),var(--awb-color8-s),var(--awb-color8-l),calc(var(--awb-color8-a) - 80%));border-color:hsla(var(--awb-color8-h),var(--awb-color8-s),var(--awb-color8-l),calc(var(--awb-color8-a) - 80%));border-top-width:1px;\"><\/div><\/div><div class=\"fusion-text fusion-text-7 fusion-text-no-margin\" style=\"--awb-font-size:16px;--awb-line-height:var(--awb-typography4-line-height);--awb-letter-spacing:var(--awb-typography4-letter-spacing);--awb-text-transform:var(--awb-typography4-text-transform);--awb-text-color:var(--awb-color8);--awb-margin-top:5px;--awb-margin-bottom:5px;--awb-text-font-family:&quot;Public Sans&quot;;--awb-text-font-style:normal;--awb-text-font-weight:600;\"><p><a href=\"https:\/\/hclegalcounsel.com\/en\/luat-su-dieu-hanh\/\">Lu\u1eadt s\u01b0 \u0111i\u1ec1u h\u00e0nh<\/a><\/p>\n<\/div><div class=\"fusion-separator fusion-full-width-sep\" style=\"align-self: center;margin-left: auto;margin-right: auto;margin-top:0px;width:100%;\"><div class=\"fusion-separator-border sep-single sep-solid\" style=\"--awb-height:20px;--awb-amount:20px;--awb-sep-color:hsla(var(--awb-color8-h),var(--awb-color8-s),var(--awb-color8-l),calc(var(--awb-color8-a) - 80%));border-color:hsla(var(--awb-color8-h),var(--awb-color8-s),var(--awb-color8-l),calc(var(--awb-color8-a) - 80%));border-top-width:1px;\"><\/div><\/div><div class=\"fusion-text fusion-text-8 fusion-text-no-margin\" style=\"--awb-font-size:16px;--awb-line-height:var(--awb-typography4-line-height);--awb-letter-spacing:var(--awb-typography4-letter-spacing);--awb-text-transform:var(--awb-typography4-text-transform);--awb-margin-top:5px;--awb-margin-bottom:5px;--awb-text-font-family:&quot;Public Sans&quot;;--awb-text-font-style:normal;--awb-text-font-weight:600;\"><p><a href=\"https:\/\/hclegalcounsel.com\/en\/luat-su-cap-cao\/\">Lu\u1eadt s\u01b0 c\u1ea5p cao&nbsp;<\/a><\/p>\n<\/div><div class=\"fusion-separator fusion-full-width-sep\" style=\"align-self: center;margin-left: auto;margin-right: auto;margin-top:0px;width:100%;\"><div class=\"fusion-separator-border sep-single sep-solid\" style=\"--awb-height:20px;--awb-amount:20px;--awb-sep-color:hsla(var(--awb-color8-h),var(--awb-color8-s),var(--awb-color8-l),calc(var(--awb-color8-a) - 80%));border-color:hsla(var(--awb-color8-h),var(--awb-color8-s),var(--awb-color8-l),calc(var(--awb-color8-a) - 80%));border-top-width:1px;\"><\/div><\/div><div class=\"fusion-text fusion-text-9 fusion-text-no-margin\" style=\"--awb-font-size:16px;--awb-line-height:var(--awb-typography4-line-height);--awb-letter-spacing:var(--awb-typography4-letter-spacing);--awb-text-transform:var(--awb-typography4-text-transform);--awb-text-color:var(--awb-color3);--awb-margin-top:5px;--awb-margin-bottom:5px;--awb-text-font-family:&quot;Public Sans&quot;;--awb-text-font-style:normal;--awb-text-font-weight:600;\"><p><a href=\"https:\/\/hclegalcounsel.com\/en\/luat-su\/\">Lu\u1eadt s\u01b0<\/a><\/p>\n<\/div><\/div><\/div><\/div><\/div><\/p>","protected":false},"excerpt":{"rendered":"","protected":false},"author":2,"featured_media":0,"parent":0,"menu_order":0,"comment_status":"closed","ping_status":"closed","template":"100-width.php","meta":{"footnotes":""},"aioseo_notices":[],"_links":{"self":[{"href":"https:\/\/hclegalcounsel.com\/en\/wp-json\/wp\/v2\/pages\/3671"}],"collection":[{"href":"https:\/\/hclegalcounsel.com\/en\/wp-json\/wp\/v2\/pages"}],"about":[{"href":"https:\/\/hclegalcounsel.com\/en\/wp-json\/wp\/v2\/types\/page"}],"author":[{"embeddable":true,"href":"https:\/\/hclegalcounsel.com\/en\/wp-json\/wp\/v2\/users\/2"}],"replies":[{"embeddable":true,"href":"https:\/\/hclegalcounsel.com\/en\/wp-json\/wp\/v2\/comments?post=3671"}],"version-history":[{"count":17,"href":"https:\/\/hclegalcounsel.com\/en\/wp-json\/wp\/v2\/pages\/3671\/revisions"}],"predecessor-version":[{"id":4892,"href":"https:\/\/hclegalcounsel.com\/en\/wp-json\/wp\/v2\/pages\/3671\/revisions\/4892"}],"wp:attachment":[{"href":"https:\/\/hclegalcounsel.com\/en\/wp-json\/wp\/v2\/media?parent=3671"}],"curies":[{"name":"wp","href":"https:\/\/api.w.org\/{rel}","templated":true}]}}