{"id":3765,"date":"2023-12-03T17:35:17","date_gmt":"2023-12-03T17:35:17","guid":{"rendered":"https:\/\/hclegalcounsel.com\/?page_id=3765"},"modified":"2023-12-10T09:56:13","modified_gmt":"2023-12-10T09:56:13","slug":"phan-truong","status":"publish","type":"page","link":"https:\/\/hclegalcounsel.com\/en\/phan-truong\/","title":{"rendered":"Phan Tr\u01b0\u1eddng"},"content":{"rendered":"<p><div class=\"fusion-fullwidth fullwidth-box fusion-builder-row-1 fusion-flex-container has-pattern-background has-mask-background nonhundred-percent-fullwidth non-hundred-percent-height-scrolling\" style=\"--awb-border-radius-top-left:0px;--awb-border-radius-top-right:0px;--awb-border-radius-bottom-right:0px;--awb-border-radius-bottom-left:0px;--awb-padding-bottom:0px;--awb-margin-bottom:0px;--awb-background-image:linear-gradient(180deg, rgba(245,246,247,0) 0%,var(--awb-color2) 100%);--awb-flex-wrap:wrap;\" ><div class=\"fusion-builder-row fusion-row fusion-flex-align-items-flex-start fusion-flex-content-wrap\" style=\"max-width:1331.2px;margin-left: calc(-4% \/ 2 );margin-right: calc(-4% \/ 2 );\"><div class=\"fusion-layout-column fusion_builder_column fusion-builder-column-0 fusion_builder_column_2_5 2_5 fusion-flex-column\" style=\"--awb-padding-left:90px;--awb-padding-left-small:0px;--awb-bg-size:cover;--awb-width-large:40%;--awb-margin-top-large:0px;--awb-spacing-right-large:0%;--awb-margin-bottom-large:0px;--awb-spacing-left-large:4.8%;--awb-width-medium:40%;--awb-order-medium:0;--awb-spacing-right-medium:0%;--awb-spacing-left-medium:4.8%;--awb-width-small:100%;--awb-order-small:0;--awb-spacing-right-small:1.92%;--awb-spacing-left-small:1.92%;\"><div class=\"fusion-column-wrapper fusion-column-has-shadow fusion-flex-justify-content-flex-start fusion-content-layout-column\"><div class=\"fusion-image-element sm-text-align-center\" style=\"text-align:right;--awb-caption-title-font-family:var(--h2_typography-font-family);--awb-caption-title-font-weight:var(--h2_typography-font-weight);--awb-caption-title-font-style:var(--h2_typography-font-style);--awb-caption-title-size:var(--h2_typography-font-size);--awb-caption-title-transform:var(--h2_typography-text-transform);--awb-caption-title-line-height:var(--h2_typography-line-height);--awb-caption-title-letter-spacing:var(--h2_typography-letter-spacing);\"><span class=\"fusion-imageframe imageframe-none imageframe-1 hover-type-none\"><img decoding=\"async\" width=\"408\" height=\"612\" title=\"portrait-asian-business-man-business-district-senior-visionary-executives-leader-with-business-vision-lifestyle-business-people-concept_1150-34735-removebg-preview\" src=\"https:\/\/hclegalcounsel.com\/wp-content\/uploads\/2023\/12\/portrait-asian-business-man-business-district-senior-visionary-executives-leader-with-business-vision-lifestyle-business-people-concept_1150-34735-removebg-preview.png\" data-orig-src=\"http:\/\/hclegalcounsel.com\/wp-content\/uploads\/2023\/12\/portrait-asian-business-man-business-district-senior-visionary-executives-leader-with-business-vision-lifestyle-business-people-concept_1150-34735-removebg-preview.png\" alt class=\"lazyload img-responsive wp-image-4017\" srcset=\"data:image\/svg+xml,%3Csvg%20xmlns%3D%27http%3A%2F%2Fwww.w3.org%2F2000%2Fsvg%27%20width%3D%27408%27%20height%3D%27612%27%20viewBox%3D%270%200%20408%20612%27%3E%3Crect%20width%3D%27408%27%20height%3D%27612%27%20fill-opacity%3D%220%22%2F%3E%3C%2Fsvg%3E\" data-srcset=\"https:\/\/hclegalcounsel.com\/wp-content\/uploads\/2023\/12\/portrait-asian-business-man-business-district-senior-visionary-executives-leader-with-business-vision-lifestyle-business-people-concept_1150-34735-removebg-preview-200x300.png 200w, https:\/\/hclegalcounsel.com\/wp-content\/uploads\/2023\/12\/portrait-asian-business-man-business-district-senior-visionary-executives-leader-with-business-vision-lifestyle-business-people-concept_1150-34735-removebg-preview-400x600.png 400w, https:\/\/hclegalcounsel.com\/wp-content\/uploads\/2023\/12\/portrait-asian-business-man-business-district-senior-visionary-executives-leader-with-business-vision-lifestyle-business-people-concept_1150-34735-removebg-preview.png 408w\" data-sizes=\"auto\" data-orig-sizes=\"(max-width: 640px) 100vw, 408px\" \/><\/span><\/div><\/div><\/div><div class=\"fusion-layout-column fusion_builder_column fusion-builder-column-1 fusion_builder_column_3_5 3_5 fusion-flex-column\" style=\"--awb-padding-left:0px;--awb-padding-top-small:16px;--awb-padding-left-small:30px;--awb-bg-color-small:var(--awb-color1);--awb-bg-size:cover;--awb-width-large:60%;--awb-margin-top-large:170px;--awb-spacing-right-large:3.2%;--awb-margin-bottom-large:16px;--awb-spacing-left-large:9.6%;--awb-width-medium:60%;--awb-order-medium:0;--awb-spacing-right-medium:3.2%;--awb-spacing-left-medium:9.6%;--awb-width-small:100%;--awb-order-small:0;--awb-margin-top-small:0px;--awb-spacing-right-small:1.92%;--awb-margin-bottom-small:0px;--awb-spacing-left-small:1.92%;\"><div class=\"fusion-column-wrapper fusion-column-has-shadow fusion-flex-justify-content-flex-start fusion-content-layout-column\"><div class=\"fusion-title title fusion-title-1 fusion-sep-none fusion-title-text fusion-title-size-one\" style=\"--awb-margin-bottom:0px;--awb-margin-bottom-small:0px;\"><h1 class=\"fusion-title-heading title-heading-left fusion-responsive-typography-calculated\" style=\"margin:0;--fontSize:74;line-height:var(--awb-typography1-line-height);\">Phan Tr\u01b0\u1eddng<\/h1><\/div><div class=\"fusion-social-links fusion-social-links-1\" style=\"--awb-margin-top:18px;--awb-margin-right:0px;--awb-margin-bottom:12px;--awb-margin-left:0px;--awb-margin-bottom-small:0px;--awb-box-border-top:2px;--awb-box-border-right:2px;--awb-box-border-bottom:2px;--awb-box-border-left:2px;--awb-box-padding-top:10px;--awb-box-padding-right:10px;--awb-box-padding-bottom:10px;--awb-box-padding-left:10px;--awb-icon-colors-hover:hsla(var(--awb-color7-h),var(--awb-color7-s),var(--awb-color7-l),calc(var(--awb-color7-a) - 20%));--awb-box-colors-hover:hsla(var(--awb-color2-h),var(--awb-color2-s),var(--awb-color2-l),calc(var(--awb-color2-a) - 20%));--awb-box-border-color:var(--awb-color2);--awb-box-border-color-hover:var(--awb-color4);\"><div class=\"fusion-social-networks boxed-icons color-type-custom\"><div class=\"fusion-social-networks-wrapper\"><a class=\"fusion-social-network-icon fusion-tooltip fusion-mail awb-icon-mail\" style=\"color:var(--awb-color1);font-size:16px;width:16px;background-color:var(--awb-color3);border-color:var(--awb-color3);border-radius:20px;\" data-placement=\"top\" data-title=\"Email\" data-toggle=\"tooltip\" title=\"Email\" aria-label=\"mail\" target=\"_blank\" rel=\"noopener noreferrer\" href=\"mailto:t&#114;u&#111;n&#103;&#112;h&#097;n&#064;hc l&#101;gal&#099;&#111;&#117;&#110;sel&#046;com\"><\/a><a class=\"fusion-social-network-icon fusion-tooltip fusion-phone awb-icon-phone\" style=\"color:var(--awb-color1);font-size:16px;width:16px;background-color:var(--awb-color3);border-color:var(--awb-color3);border-radius:20px;\" data-placement=\"top\" data-title=\"Phone\" data-toggle=\"tooltip\" title=\"Phone\" aria-label=\"phone\" target=\"_self\" rel=\"noopener noreferrer\" href=\"tel:( 84)971996819\"><\/a><\/div><\/div><\/div><div class=\"fusion-text fusion-text-1 fusion-text-no-margin\" style=\"--awb-font-size:20px;--awb-margin-top:20px;\"><p>Lu\u1eadt s\u01b0 c\u1ea5p cao H&amp;C Legal Counsel<\/p>\n<\/div><div class=\"fusion-text fusion-text-2\" style=\"--awb-margin-top:20px;\"><\/div><\/div><\/div><\/div><\/div><div class=\"fusion-fullwidth fullwidth-box fusion-builder-row-2 fusion-flex-container has-pattern-background has-mask-background nonhundred-percent-fullwidth non-hundred-percent-height-scrolling\" style=\"--awb-border-radius-top-left:0px;--awb-border-radius-top-right:0px;--awb-border-radius-bottom-right:0px;--awb-border-radius-bottom-left:0px;--awb-margin-top:40px;--awb-margin-top-small:0px;--awb-flex-wrap:wrap;\" ><div class=\"fusion-builder-row fusion-row fusion-flex-align-items-flex-start fusion-flex-content-wrap\" style=\"max-width:1331.2px;margin-left: calc(-4% \/ 2 );margin-right: calc(-4% \/ 2 );\"><div class=\"fusion-layout-column fusion_builder_column fusion-builder-column-2 fusion_builder_column_2_3 2_3 fusion-flex-column\" style=\"--awb-padding-right:86px;--awb-padding-right-small:0px;--awb-bg-size:cover;--awb-border-color:var(--awb-color8);--awb-border-top:1px;--awb-border-right:0;--awb-border-bottom:0;--awb-border-left:0;--awb-border-style:solid;--awb-width-large:66.666666666667%;--awb-margin-top-large:20px;--awb-spacing-right-large:2.88%;--awb-margin-bottom-large:0px;--awb-spacing-left-large:2.88%;--awb-width-medium:66.666666666667%;--awb-order-medium:0;--awb-spacing-right-medium:2.88%;--awb-spacing-left-medium:2.88%;--awb-width-small:100%;--awb-order-small:0;--awb-margin-top-small:0px;--awb-spacing-right-small:7.68%;--awb-spacing-left-small:7.68%;\"><div class=\"fusion-column-wrapper fusion-column-has-shadow fusion-flex-justify-content-flex-start fusion-content-layout-column\"><div class=\"fusion-text fusion-text-3\" style=\"--awb-content-alignment:justify;--awb-margin-top:0px;\"><h4 class=\"p1 fusion-responsive-typography-calculated\" style=\"--fontsize: 28; line-height: 1.32;\" data-fontsize=\"28\" data-lineheight=\"36.96px\">Introduction<\/h4>\n<p>Tr\u01b0\u1edbc khi gia nh\u1eadp H&amp;C Legal, Lu\u1eadt s\u01b0 Tr\u01b0\u1eddng \u0111\u00e3 c\u00f3 tr\u00ean 10 n\u0103m kinh nghi\u1ec7m t\u01b0 v\u1ea5n ph\u00e1p l\u00fd trong l\u0129nh v\u1ef1c \u0110\u1ea7u t\u01b0, Mua b\u00e1n s\u00e1p nh\u1eadp v\u00e0 B\u1ea5t \u0111\u1ed9ng s\u1ea3n\u2026<\/p>\n<p>Sau khi t\u1ed1t nghi\u1ec7p th\u1ea1c s\u0129 chuy\u00ean ng\u00e0nh Lu\u1eadt Kinh t\u1ebf t\u1ea1i tr\u01b0\u1eddng \u0110\u1ea1i h\u1ecdc Khoa h\u1ecdc x\u00e3 h\u1ed9i Toulouse, Ph\u00e1p, lu\u1eadt s\u01b0 Tr\u01b0\u1eddng tr\u1edf v\u1ec1 n\u01b0\u1edbc v\u00e0 gia nh\u1eadp InvestConsult Group- m\u1ed9t c\u00f4ng ty t\u01b0 v\u1ea5n h\u00e0ng \u0111\u1ea7u chuy\u00ean v\u1ec1 l\u0129nh v\u1ef1c Kinh doanh &amp; \u0110\u1ea7u t\u01b0 v\u1edbi vai tr\u00f2 l\u00e0 Chuy\u00ean vi\u00ean Ph\u00e1p l\u00fd, sau \u0111\u00f3 l\u00e0 Ph\u00f3 gi\u00e1m \u0111\u1ed1c Trung t\u00e2m T\u01b0 v\u1ea5n Ph\u00e1p l\u00fd c\u1ee7a c\u00f4ng ty. \u1ede vai tr\u00f2 n\u00e0y, lu\u1eadt s\u01b0 Tr\u01b0\u1eddng c\u00f3 c\u01a1 h\u1ed9i ph\u00e1t huy n\u0103ng l\u1ef1c c\u1ee7a m\u00ecnh trong l\u0129nh v\u1ef1c Mua b\u00e1n &amp; S\u00e1p nh\u1eadp nh\u01b0 ph\u1ee5 tr\u00e1ch so\u1ea1n th\u1ea3o h\u1ee3p \u0111\u1ed3ng mua b\u00e1n, h\u1ee3p \u0111\u1ed3ng c\u1ed5 \u0111\u00f4ng, h\u1ee3p \u0111\u1ed3ng li\u00ean doanh, \u0111\u0103ng k\u00fd giao d\u1ecbch M&amp;A, v\u00e0 nh\u1eefng t\u00e0i li\u1ec7u c\u00f3 li\u00ean quan kh\u00e1c\u2026.<\/p>\n<p>Lu\u1eadt s\u01b0 Tr\u01b0\u1eddng gia nh\u1eadp v\u00e0o H&amp;C Legal v\u00e0o th\u00e1ng 02 n\u0103m 2022 v\u1edbi v\u1ecb tr\u00ed l\u00e0 Lu\u1eadt s\u01b0 c\u1ea5p cao.<\/p>\n<h4 class=\"fusion-responsive-typography-calculated\" style=\"--fontsize: 28; line-height: 1.32;\" data-fontsize=\"28\" data-lineheight=\"36.96px\">Chuy\u00ean m\u00f4n<\/h4>\n<ul>\n<li>\u0110\u1ea7u T\u01b0<\/li>\n<li>Doanh Nghi\u1ec7p<\/li>\n<li>Mua b\u00e1n v\u00e0 s\u00e1p nh\u1eadp<\/li>\n<\/ul>\n<h4 class=\"fusion-responsive-typography-calculated\" style=\"--fontsize: 28; line-height: 1.32;\" data-fontsize=\"28\" data-lineheight=\"36.96px\">H\u1ecdc v\u1ea5n<\/h4>\n<ul>\n<li>C\u1eed nh\u00e2n &#8211; Th\u1ea1c s\u0129 Lu\u1eadt, chuy\u00ean ng\u00e0nh Lu\u1eadt Kinh t\u1ebf t\u1ea1i tr\u01b0\u1eddng \u0110\u1ea1i h\u1ecdc Khoa h\u1ecdc x\u00e3 h\u1ed9i Toulous, Ph\u00e1p 2006<\/li>\n<li>Kh\u00f3a h\u1ecdc \u0111\u00e0m ph\u00e1n n\u00e2ng cao M&amp;A, London, 2014<\/li>\n<\/ul>\n<h4 class=\"fusion-responsive-typography-calculated\" style=\"--fontsize: 28; line-height: 1.32;\" data-fontsize=\"28\" data-lineheight=\"36.96px\">H\u00e0nh ngh\u1ec1<\/h4>\n<ul>\n<li>Lu\u1eadt s\u01b0 n\u01b0\u1edbc ngo\u00e0i tham gia Li\u00ean \u0111o\u00e0n Lu\u1eadt s\u01b0 Vi\u1ec7t Nam, 2014<\/li>\n<\/ul>\n<\/div><\/div><\/div><div class=\"fusion-layout-column fusion_builder_column fusion-builder-column-3 awb-sticky awb-sticky-small awb-sticky-medium awb-sticky-large fusion_builder_column_1_3 1_3 fusion-flex-column\" style=\"--awb-padding-right:20px;--awb-padding-right-small:0px;--awb-bg-size:cover;--awb-border-color:var(--awb-color8);--awb-border-top:1px;--awb-border-style:solid;--awb-width-large:33.333333333333%;--awb-margin-top-large:20px;--awb-spacing-right-large:5.76%;--awb-margin-bottom-large:16px;--awb-spacing-left-large:5.76%;--awb-width-medium:33.333333333333%;--awb-order-medium:0;--awb-spacing-right-medium:5.76%;--awb-spacing-left-medium:5.76%;--awb-width-small:100%;--awb-order-small:0;--awb-spacing-right-small:7.68%;--awb-margin-bottom-small:0px;--awb-spacing-left-small:7.68%;\"><div class=\"fusion-column-wrapper fusion-column-has-shadow fusion-flex-justify-content-flex-start fusion-content-layout-column\"><div class=\"fusion-title title fusion-title-2 fusion-sep-none fusion-title-text fusion-title-size-four\" style=\"--awb-margin-top:40px;--awb-margin-top-small:20px;\"><h4 class=\"fusion-title-heading title-heading-left fusion-responsive-typography-calculated\" style=\"margin:0;--fontSize:28;line-height:1.32;\">D\u1ecbch v\u1ee5 li\u00ean quan<\/h4><\/div><div class=\"fusion-text fusion-text-4 fusion-text-no-margin\" style=\"--awb-text-color:var(--awb-color3);\"><p><a href=\"https:\/\/hclegalcounsel.com\/en\/tu-van-phap-luat-ve-doanh-nghiep-va-thuong-mai\/\">T\u01b0 v\u1ea5n ph\u00e1p lu\u1eadt v\u1ec1 doanh nghi\u1ec7p\u00a0<\/a><\/p>\n<\/div><div class=\"fusion-separator\" style=\"align-self: flex-start;margin-right:auto;margin-top:5px;width:100%;max-width:280px;\"><div class=\"fusion-separator-border sep-single sep-solid\" style=\"--awb-height:20px;--awb-amount:20px;border-color:var(--awb-color8);border-top-width:1px;\"><\/div><\/div><div class=\"fusion-text fusion-text-5 fusion-text-no-margin\" style=\"--awb-text-color:var(--awb-color3);--awb-margin-top:10px;\"><p><a href=\"https:\/\/hclegalcounsel.com\/en\/tu-van-mua-ban-va-sap-nhap-ma\/\">T\u01b0 v\u1ea5n mua b\u00e1n v\u00e0 s\u00e1p nh\u1eadp (M&amp;A)\u00a0<\/a><\/p>\n<\/div><div class=\"fusion-separator\" style=\"align-self: flex-start;margin-right:auto;margin-top:5px;width:100%;max-width:280px;\"><div class=\"fusion-separator-border sep-single sep-solid\" style=\"--awb-height:20px;--awb-amount:20px;border-color:var(--awb-color8);border-top-width:1px;\"><\/div><\/div><div class=\"fusion-text fusion-text-6 fusion-text-no-margin\" style=\"--awb-text-color:var(--awb-color3);--awb-margin-top:10px;\"><p><a href=\"https:\/\/hclegalcounsel.com\/en\/tu-van-phap-luat-ve-dau-tu\/\">T\u01b0 v\u1ea5n ph\u00e1p lu\u1eadt v\u1ec1 \u0111\u1ea7u t\u01b0<\/a><\/p>\n<\/div><div class=\"fusion-separator\" style=\"align-self: flex-start;margin-right:auto;margin-top:5px;width:100%;max-width:280px;\"><div class=\"fusion-separator-border sep-single sep-solid\" style=\"--awb-height:20px;--awb-amount:20px;border-color:var(--awb-color8);border-top-width:1px;\"><\/div><\/div><div class=\"fusion-title title fusion-title-3 fusion-sep-none fusion-title-text fusion-title-size-four\" style=\"--awb-margin-top:50px;--awb-margin-bottom:12px;--awb-margin-top-small:20px;\"><h4 class=\"fusion-title-heading title-heading-left fusion-responsive-typography-calculated\" style=\"margin:0;--fontSize:28;line-height:1.32;\">B\u00e0i b\u00e1o li\u00ean quan<\/h4><\/div><div class=\"fusion-post-cards fusion-post-cards-1 fusion-grid-archive fusion-grid-columns-1 fusion-grid-flex-grow\" style=\"--awb-column-spacing:0px;--awb-dots-align:center;--awb-columns:1;--awb-active-filter-border-size:3px;--awb-filters-height:36px;--awb-row-spacing:8px;\"><ul class=\"fusion-grid fusion-grid-1 fusion-flex-align-items-flex-start fusion-grid-posts-cards\"><li class=\"fusion-layout-column fusion_builder_column fusion-builder-column-4 fusion-flex-column post-card fusion-grid-column fusion-post-cards-grid-column\" style=\"--awb-bg-blend:overlay;--awb-bg-size:cover;\"><div class=\"fusion-column-wrapper fusion-flex-justify-content-flex-start fusion-content-layout-column\"><div class=\"fusion-title title fusion-title-4 fusion-sep-none fusion-title-text fusion-title-size-paragraph\" style=\"--awb-text-color:var(--awb-color3);--awb-margin-bottom:0px;--awb-font-size:18px;\"><p class=\"fusion-title-heading title-heading-left title-heading-tag fusion-responsive-typography-calculated\" style=\"font-family:var(--awb-typography4-font-family);font-weight:var(--awb-typography4-font-weight);font-style:var(--awb-typography4-font-style);margin:0;font-size:1em;--fontSize:18;--minFontSize:18;line-height:1.5;\"><a href=\"https:\/\/hclegalcounsel.com\/en\/thu-tuc-dang-ky-nhan-hieu-tai-viet-nam\/\" class=\"awb-custom-text-color awb-custom-text-hover-color\" target=\"_self\">TH\u1ee6 T\u1ee4C \u0110\u0102NG K\u00dd NH\u00c3N HI\u1ec6U T\u1ea0I VI\u1ec6T NAM<\/a><\/p><\/div><div class=\"fusion-separator\" style=\"align-self: flex-start;margin-right:auto;margin-top:8px;width:100%;max-width:280px;\"><div class=\"fusion-separator-border sep-single sep-solid\" style=\"--awb-height:20px;--awb-amount:20px;border-color:var(--awb-color8);border-top-width:1px;\"><\/div><\/div><\/div><\/li>\n<li class=\"fusion-layout-column fusion_builder_column fusion-builder-column-5 fusion-flex-column post-card fusion-grid-column fusion-post-cards-grid-column\" style=\"--awb-bg-blend:overlay;--awb-bg-size:cover;\"><div class=\"fusion-column-wrapper fusion-flex-justify-content-flex-start fusion-content-layout-column\"><div class=\"fusion-title title fusion-title-5 fusion-sep-none fusion-title-text fusion-title-size-paragraph\" style=\"--awb-text-color:var(--awb-color3);--awb-margin-bottom:0px;--awb-font-size:18px;\"><p class=\"fusion-title-heading title-heading-left title-heading-tag fusion-responsive-typography-calculated\" style=\"font-family:var(--awb-typography4-font-family);font-weight:var(--awb-typography4-font-weight);font-style:var(--awb-typography4-font-style);margin:0;font-size:1em;--fontSize:18;--minFontSize:18;line-height:1.5;\"><a href=\"https:\/\/hclegalcounsel.com\/en\/du-thao-nghi-dinh-quan-ly-thue-voi-hoat-dong-kinh-doanh-tren-nen-tang-thuong-mai-dien-tu-nen-tang-so-cua-ho-ca-nhan-kinh-doanh\/\" class=\"awb-custom-text-color awb-custom-text-hover-color\" target=\"_self\">D\u1ef1 th\u1ea3o ngh\u1ecb \u0111\u1ecbnh qu\u1ea3n l\u00fd thu\u1ebf v\u1edbi ho\u1ea1t \u0111\u1ed9ng kinh doanh tr\u00ean n\u1ec1n t\u1ea3ng th\u01b0\u01a1ng m\u1ea1i \u0111i\u1ec7n t\u1eed, n\u1ec1n t\u1ea3ng s\u1ed1 c\u1ee7a h\u1ed9, c\u00e1 nh\u00e2n kinh doanh<\/a><\/p><\/div><div class=\"fusion-separator\" style=\"align-self: flex-start;margin-right:auto;margin-top:8px;width:100%;max-width:280px;\"><div class=\"fusion-separator-border sep-single sep-solid\" style=\"--awb-height:20px;--awb-amount:20px;border-color:var(--awb-color8);border-top-width:1px;\"><\/div><\/div><\/div><\/li>\n<li class=\"fusion-layout-column fusion_builder_column fusion-builder-column-6 fusion-flex-column post-card fusion-grid-column fusion-post-cards-grid-column\" style=\"--awb-bg-blend:overlay;--awb-bg-size:cover;\"><div class=\"fusion-column-wrapper fusion-flex-justify-content-flex-start fusion-content-layout-column\"><div class=\"fusion-title title fusion-title-6 fusion-sep-none fusion-title-text fusion-title-size-paragraph\" style=\"--awb-text-color:var(--awb-color3);--awb-margin-bottom:0px;--awb-font-size:18px;\"><p class=\"fusion-title-heading title-heading-left title-heading-tag fusion-responsive-typography-calculated\" style=\"font-family:var(--awb-typography4-font-family);font-weight:var(--awb-typography4-font-weight);font-style:var(--awb-typography4-font-style);margin:0;font-size:1em;--fontSize:18;--minFontSize:18;line-height:1.5;\"><a href=\"https:\/\/hclegalcounsel.com\/en\/huong-dan-phap-ly\/\" class=\"awb-custom-text-color awb-custom-text-hover-color\" target=\"_self\">H\u01b0\u1edbng d\u1eabn ph\u00e1p l\u00fd<\/a><\/p><\/div><div class=\"fusion-separator\" style=\"align-self: flex-start;margin-right:auto;margin-top:8px;width:100%;max-width:280px;\"><div class=\"fusion-separator-border sep-single sep-solid\" style=\"--awb-height:20px;--awb-amount:20px;border-color:var(--awb-color8);border-top-width:1px;\"><\/div><\/div><\/div><\/li>\n<\/ul><\/div><div class=\"fusion-title title fusion-title-7 fusion-sep-none fusion-title-text fusion-title-size-four\" style=\"--awb-margin-top:50px;--awb-margin-bottom:12px;--awb-margin-top-small:20px;\"><h4 class=\"fusion-title-heading title-heading-left fusion-responsive-typography-calculated\" style=\"margin:0;--fontSize:28;line-height:1.32;\">C\u1eadp nh\u1eadt ph\u00e1p lu\u1eadt li\u00ean quan<\/h4><\/div><div class=\"fusion-post-cards fusion-post-cards-2 fusion-grid-archive fusion-grid-columns-1 fusion-grid-flex-grow\" style=\"--awb-column-spacing:0px;--awb-dots-align:center;--awb-columns:1;--awb-active-filter-border-size:3px;--awb-filters-height:36px;--awb-row-spacing:8px;\"><ul class=\"fusion-grid fusion-grid-1 fusion-flex-align-items-flex-start fusion-grid-posts-cards\"><li class=\"fusion-layout-column fusion_builder_column fusion-builder-column-7 fusion-flex-column post-card fusion-grid-column fusion-post-cards-grid-column\" style=\"--awb-bg-blend:overlay;--awb-bg-size:cover;\"><div class=\"fusion-column-wrapper fusion-flex-justify-content-flex-start fusion-content-layout-column\"><div class=\"fusion-title title fusion-title-8 fusion-sep-none fusion-title-text fusion-title-size-paragraph\" style=\"--awb-text-color:var(--awb-color3);--awb-margin-bottom:0px;--awb-font-size:18px;\"><p class=\"fusion-title-heading title-heading-left title-heading-tag fusion-responsive-typography-calculated\" style=\"font-family:var(--awb-typography4-font-family);font-weight:var(--awb-typography4-font-weight);font-style:var(--awb-typography4-font-style);margin:0;font-size:1em;--fontSize:18;--minFontSize:18;line-height:1.5;\"><a href=\"https:\/\/hclegalcounsel.com\/en\/nghia-vu-thue-khi-ban-tai-san-cua-mot-doanh-nghiep-tai-viet-nam\/\" class=\"awb-custom-text-color awb-custom-text-hover-color\" target=\"_self\">NGH\u0128A V\u1ee4 THU\u1ebe KHI B\u00c1N T\u00c0I S\u1ea2N C\u1ee6A M\u1ed8T DOANH NGHI\u1ec6P T\u1ea0I VI\u1ec6T NAM<\/a><\/p><\/div><div class=\"fusion-separator\" style=\"align-self: flex-start;margin-right:auto;margin-top:8px;width:100%;max-width:280px;\"><div class=\"fusion-separator-border sep-single sep-solid\" style=\"--awb-height:20px;--awb-amount:20px;border-color:var(--awb-color8);border-top-width:1px;\"><\/div><\/div><\/div><\/li>\n<li class=\"fusion-layout-column fusion_builder_column fusion-builder-column-8 fusion-flex-column post-card fusion-grid-column fusion-post-cards-grid-column\" style=\"--awb-bg-blend:overlay;--awb-bg-size:cover;\"><div class=\"fusion-column-wrapper fusion-flex-justify-content-flex-start fusion-content-layout-column\"><div class=\"fusion-title title fusion-title-9 fusion-sep-none fusion-title-text fusion-title-size-paragraph\" style=\"--awb-text-color:var(--awb-color3);--awb-margin-bottom:0px;--awb-font-size:18px;\"><p class=\"fusion-title-heading title-heading-left title-heading-tag fusion-responsive-typography-calculated\" style=\"font-family:var(--awb-typography4-font-family);font-weight:var(--awb-typography4-font-weight);font-style:var(--awb-typography4-font-style);margin:0;font-size:1em;--fontSize:18;--minFontSize:18;line-height:1.5;\"><a href=\"https:\/\/hclegalcounsel.com\/en\/trinh-tu-thu-tuc-dang-ky-cap-giay-chung-nhan-dau-tu\/\" class=\"awb-custom-text-color awb-custom-text-hover-color\" target=\"_self\">TR\u00ccNH T\u1ef0, TH\u1ee6 T\u1ee4C \u0110\u0102NG K\u00dd C\u1ea4P GI\u1ea4Y CH\u1ee8NG NH\u1eacN \u0110\u1ea6U T\u01af<\/a><\/p><\/div><div class=\"fusion-separator\" style=\"align-self: flex-start;margin-right:auto;margin-top:8px;width:100%;max-width:280px;\"><div class=\"fusion-separator-border sep-single sep-solid\" style=\"--awb-height:20px;--awb-amount:20px;border-color:var(--awb-color8);border-top-width:1px;\"><\/div><\/div><\/div><\/li>\n<li class=\"fusion-layout-column fusion_builder_column fusion-builder-column-9 fusion-flex-column post-card fusion-grid-column fusion-post-cards-grid-column\" style=\"--awb-bg-blend:overlay;--awb-bg-size:cover;\"><div class=\"fusion-column-wrapper fusion-flex-justify-content-flex-start fusion-content-layout-column\"><div class=\"fusion-title title fusion-title-10 fusion-sep-none fusion-title-text fusion-title-size-paragraph\" style=\"--awb-text-color:var(--awb-color3);--awb-margin-bottom:0px;--awb-font-size:18px;\"><p class=\"fusion-title-heading title-heading-left title-heading-tag fusion-responsive-typography-calculated\" style=\"font-family:var(--awb-typography4-font-family);font-weight:var(--awb-typography4-font-weight);font-style:var(--awb-typography4-font-style);margin:0;font-size:1em;--fontSize:18;--minFontSize:18;line-height:1.5;\"><a href=\"https:\/\/hclegalcounsel.com\/en\/phan-dinh-tham-quyen-cua-hoi-dong-quan-tri-va-dai-hoi-dong-co-dong\/\" class=\"awb-custom-text-color awb-custom-text-hover-color\" target=\"_self\">Determining the authority of the Board of Directors and the General Meeting of Shareholders<\/a><\/p><\/div><div class=\"fusion-separator\" style=\"align-self: flex-start;margin-right:auto;margin-top:8px;width:100%;max-width:280px;\"><div class=\"fusion-separator-border sep-single sep-solid\" style=\"--awb-height:20px;--awb-amount:20px;border-color:var(--awb-color8);border-top-width:1px;\"><\/div><\/div><\/div><\/li>\n<\/ul><\/div><\/div><\/div><\/div><\/div><\/p>","protected":false},"excerpt":{"rendered":"","protected":false},"author":2,"featured_media":0,"parent":0,"menu_order":0,"comment_status":"closed","ping_status":"closed","template":"100-width.php","meta":{"footnotes":""},"aioseo_notices":[],"_links":{"self":[{"href":"https:\/\/hclegalcounsel.com\/en\/wp-json\/wp\/v2\/pages\/3765"}],"collection":[{"href":"https:\/\/hclegalcounsel.com\/en\/wp-json\/wp\/v2\/pages"}],"about":[{"href":"https:\/\/hclegalcounsel.com\/en\/wp-json\/wp\/v2\/types\/page"}],"author":[{"embeddable":true,"href":"https:\/\/hclegalcounsel.com\/en\/wp-json\/wp\/v2\/users\/2"}],"replies":[{"embeddable":true,"href":"https:\/\/hclegalcounsel.com\/en\/wp-json\/wp\/v2\/comments?post=3765"}],"version-history":[{"count":8,"href":"https:\/\/hclegalcounsel.com\/en\/wp-json\/wp\/v2\/pages\/3765\/revisions"}],"predecessor-version":[{"id":4465,"href":"https:\/\/hclegalcounsel.com\/en\/wp-json\/wp\/v2\/pages\/3765\/revisions\/4465"}],"wp:attachment":[{"href":"https:\/\/hclegalcounsel.com\/en\/wp-json\/wp\/v2\/media?parent=3765"}],"curies":[{"name":"wp","href":"https:\/\/api.w.org\/{rel}","templated":true}]}}