{"id":3803,"date":"2023-12-03T19:16:48","date_gmt":"2023-12-03T19:16:48","guid":{"rendered":"https:\/\/hclegalcounsel.com\/?page_id=3803"},"modified":"2023-12-20T14:53:03","modified_gmt":"2023-12-20T14:53:03","slug":"cac-gia-tri-cot-loi","status":"publish","type":"page","link":"https:\/\/hclegalcounsel.com\/en\/cac-gia-tri-cot-loi\/","title":{"rendered":"C\u00e1c gi\u00e1 tr\u1ecb c\u1ed1t l\u00f5i"},"content":{"rendered":"<p><div class=\"fusion-fullwidth fullwidth-box fusion-builder-row-1 fusion-flex-container video-background has-pattern-background has-mask-background nonhundred-percent-fullwidth non-hundred-percent-height-scrolling\" style=\"--awb-border-sizes-top:0;--awb-border-sizes-bottom:0;--awb-border-sizes-left:0;--awb-border-sizes-right:0;--awb-border-radius-top-left:0px;--awb-border-radius-top-right:0px;--awb-border-radius-bottom-right:0px;--awb-border-radius-bottom-left:0px;--awb-padding-top:186px;--awb-padding-bottom:0px;--awb-padding-left:0px;--awb-padding-top-small:300px;--awb-margin-top:-60px;--awb-flex-wrap:wrap;\" ><div class=\"fullwidth-video\"><video preload=\"auto\" autoplay playsinline loop muted><source src=\"http:\/\/hclegalcounsel.com\/wp-content\/uploads\/2023\/11\/video-1080p-1.mp4\" type=\"video\/mp4\"><\/video><\/div><div class=\"fusion-builder-row fusion-row fusion-flex-align-items-flex-start fusion-flex-content-wrap\" style=\"max-width:1331.2px;margin-left: calc(-4% \/ 2 );margin-right: calc(-4% \/ 2 );\"><div class=\"fusion-layout-column fusion_builder_column fusion-builder-column-0 fusion_builder_column_2_5 2_5 fusion-flex-column fusion-no-small-visibility\" style=\"--awb-bg-size:cover;--awb-width-large:40%;--awb-margin-top-large:16px;--awb-spacing-right-large:4.8%;--awb-margin-bottom-large:16px;--awb-spacing-left-large:4.8%;--awb-width-medium:40%;--awb-order-medium:0;--awb-spacing-right-medium:4.8%;--awb-spacing-left-medium:4.8%;--awb-width-small:100%;--awb-order-small:0;--awb-spacing-right-small:1.92%;--awb-spacing-left-small:1.92%;\"><div class=\"fusion-column-wrapper fusion-column-has-shadow fusion-flex-justify-content-flex-start fusion-content-layout-column\"><\/div><\/div><div class=\"fusion-layout-column fusion_builder_column fusion-builder-column-1 fusion_builder_column_3_5 3_5 fusion-flex-column fusion-no-small-visibility\" style=\"--awb-padding-top:30px;--awb-padding-right:29px;--awb-padding-bottom:30px;--awb-padding-left:25px;--awb-bg-color:var(--awb-color3);--awb-bg-color-hover:var(--awb-color3);--awb-bg-size:cover;--awb-width-large:60%;--awb-margin-top-large:16px;--awb-spacing-right-large:9.44%;--awb-margin-bottom-large:-50px;--awb-spacing-left-large:0.8%;--awb-width-medium:60%;--awb-order-medium:0;--awb-spacing-right-medium:9.44%;--awb-spacing-left-medium:0.8%;--awb-width-small:100%;--awb-order-small:0;--awb-spacing-right-small:1.92%;--awb-spacing-left-small:1.92%;\"><div class=\"fusion-column-wrapper fusion-column-has-shadow fusion-flex-justify-content-flex-start fusion-content-layout-column\"><div class=\"fusion-title title fusion-title-1 fusion-sep-none fusion-title-text fusion-title-size-two\" style=\"--awb-text-color:var(--awb-color1);--awb-margin-top:20px;--awb-margin-left:20px;--awb-margin-bottom-small:20px;--awb-margin-left-small:20px;--awb-font-size:40px;\"><h2 class=\"fusion-title-heading title-heading-left fusion-responsive-typography-calculated\" style=\"margin:0;font-size:1em;--fontSize:40;line-height:1.12;\">C\u00f4ng ty t\u01b0 v\u1ea5n lu\u1eadt h\u00e0ng \u0111\u1ea7u Vi\u1ec7t Nam<\/h2><\/div><div class=\"fusion-text fusion-text-1\" style=\"--awb-text-color:var(--awb-color1);--awb-margin-right:22px;--awb-margin-left:20px;\"><p>V\u1edbi b\u1ec1 d\u00e0y nhi\u1ec1u n\u0103m kinh nghi\u1ec7m c\u00f9ng \u0111\u1ed9i ng\u0169 lu\u1eadt s\u01b0 v\u00e0 chuy\u00ean gia c\u1ed1 v\u1ea5n h\u00f9ng h\u1eadu, H&amp;C Legal cam k\u1ebft th\u1ec3 cung c\u1ea5p c\u00e1c gi\u1ea3i ph\u00e1p t\u01b0 v\u1ea5n chuy\u00ean nghi\u1ec7p, v\u1edbi ch\u1ea5t l\u01b0\u1ee3ng, \u0111\u1ed9 tin c\u1eady cao nh\u1ea5t v\u00e0 m\u1ee9c chi ph\u00ed h\u1ee3p l\u00fd nh\u1ea5t c\u00f9ng c\u00e1c gi\u1ea3i ph\u00e1p to\u00e0n di\u1ec7n, s\u00e1ng t\u1ea1o v\u00e0 th\u1ef1c ti\u1ec5n cho c\u00e1c v\u1ea5n \u0111\u1ec1 c\u1ee7a doanh nghi\u1ec7p.<\/p>\n<\/div><\/div><\/div><\/div><\/div><div class=\"fusion-fullwidth fullwidth-box fusion-builder-row-2 fusion-flex-container has-pattern-background has-mask-background nonhundred-percent-fullwidth non-hundred-percent-height-scrolling\" style=\"--awb-border-radius-top-left:0px;--awb-border-radius-top-right:0px;--awb-border-radius-bottom-right:0px;--awb-border-radius-bottom-left:0px;--awb-margin-top:80px;--awb-margin-top-small:16px;--awb-flex-wrap:wrap;\" ><div class=\"fusion-builder-row fusion-row fusion-flex-align-items-flex-start fusion-flex-content-wrap\" style=\"max-width:1331.2px;margin-left: calc(-4% \/ 2 );margin-right: calc(-4% \/ 2 );\"><div class=\"fusion-layout-column fusion_builder_column fusion-builder-column-2 fusion_builder_column_2_3 2_3 fusion-flex-column fusion-no-small-visibility fusion-no-medium-visibility\" style=\"--awb-padding-right:100px;--awb-padding-left:100px;--awb-padding-right-small:30px;--awb-padding-left-small:30px;--awb-bg-size:cover;--awb-width-large:66.666666666667%;--awb-margin-top-large:16px;--awb-spacing-right-large:2.88%;--awb-margin-bottom-large:16px;--awb-spacing-left-large:2.88%;--awb-width-medium:66.666666666667%;--awb-order-medium:0;--awb-spacing-right-medium:2.88%;--awb-spacing-left-medium:2.88%;--awb-width-small:100%;--awb-order-small:1;--awb-margin-top-small:0px;--awb-spacing-right-small:1.92%;--awb-spacing-left-small:1.92%;\"><div class=\"fusion-column-wrapper fusion-column-has-shadow fusion-flex-justify-content-flex-start fusion-content-layout-column\"><div class=\"fusion-text fusion-text-2\" style=\"--awb-content-alignment:justify;\"><h2 class=\"fusion-responsive-typography-calculated\" style=\"--fontsize: 60; line-height: 1.12;\" data-fontsize=\"60\" data-lineheight=\"67.2px\">C\u00e1c gi\u00e1 tr\u1ecb c\u1ed1t l\u00f5i<\/h2>\n<ul>\n<li style=\"font-weight: 200;\" aria-level=\"2\"><span style=\"font-weight: 200;\">Trung th\u1ef1c, ch\u00ednh tr\u1ef1c, tr\u00e1ch nhi\u1ec7m<\/span><\/li>\n<li style=\"font-weight: 200;\" aria-level=\"2\"><span style=\"font-weight: 200;\">Khuy\u1ebfn kh\u00edch kh\u1ea3 n\u0103ng s\u00e1ng t\u1ea1o v\u00e0 c\u1ed1ng hi\u1ebfn c\u1ee7a m\u1ed7i c\u00e1 nh\u00e2n<\/span><\/li>\n<li style=\"font-weight: 200;\" aria-level=\"2\"><span style=\"font-weight: 200;\">Ch\u1ea5p nh\u1eadn v\u00e0 v\u01b0\u1ee3t qua m\u1ecdi th\u1eed th\u00e1ch<\/span><\/li>\n<li style=\"font-weight: 200;\" aria-level=\"2\"><span style=\"font-weight: 200;\">Chinh ph\u1ee5c kh\u00e1ch h\u00e0ng b\u1eb1ng chu\u1ea9n m\u1ef1c d\u1ecbch v\u1ee5 v\u00e0 ch\u1ea5t l\u01b0\u1ee3ng s\u1ea3n ph\u1ea9m<\/span><\/li>\n<li style=\"font-weight: 200;\" aria-level=\"2\"><span style=\"font-weight: 200;\">Th\u1ef1c hi\u1ec7n tr\u00e1ch nhi\u1ec7m x\u00e3 h\u1ed9i v\u00e0 \u0111\u00f3ng g\u00f3p cho c\u1ed9ng \u0111\u1ed3ng<\/span><\/li>\n<\/ul>\n<\/div><\/div><\/div><div class=\"fusion-layout-column fusion_builder_column fusion-builder-column-3 fusion_builder_column_2_3 2_3 fusion-flex-column fusion-no-large-visibility\" style=\"--awb-padding-right:100px;--awb-padding-left:100px;--awb-padding-right-small:30px;--awb-padding-left-small:30px;--awb-bg-size:cover;--awb-width-large:66.666666666667%;--awb-margin-top-large:16px;--awb-spacing-right-large:2.88%;--awb-margin-bottom-large:16px;--awb-spacing-left-large:2.88%;--awb-width-medium:66.666666666667%;--awb-order-medium:0;--awb-spacing-right-medium:2.88%;--awb-spacing-left-medium:2.88%;--awb-width-small:100%;--awb-order-small:1;--awb-margin-top-small:0px;--awb-spacing-right-small:1.92%;--awb-spacing-left-small:1.92%;\"><div class=\"fusion-column-wrapper fusion-column-has-shadow fusion-flex-justify-content-flex-start fusion-content-layout-column\"><div class=\"fusion-title title fusion-title-2 fusion-sep-none fusion-title-text fusion-title-size-two\" style=\"--awb-margin-bottom-small:0px;--awb-font-size:70px;\"><h2 class=\"fusion-title-heading title-heading-left fusion-responsive-typography-calculated\" style=\"margin:0;font-size:1em;--fontSize:70;line-height:1.12;\">C\u00e1c gi\u00e1 tr\u1ecb c\u1ed1t l\u00f5i&nbsp;<\/h2><\/div><div class=\"fusion-text fusion-text-3\"><ul>\n<li aria-level=\"2\">Trung th\u1ef1c, ch\u00ednh tr\u1ef1c, tr\u00e1ch nhi\u1ec7m<\/li>\n<li aria-level=\"2\">Khuy\u1ebfn kh\u00edch kh\u1ea3 n\u0103ng s\u00e1ng t\u1ea1o v\u00e0 c\u1ed1ng hi\u1ebfn c\u1ee7a m\u1ed7i c\u00e1 nh\u00e2n<\/li>\n<li aria-level=\"2\">Ch\u1ea5p nh\u1eadn v\u00e0 v\u01b0\u1ee3t qua m\u1ecdi th\u1eed th\u00e1ch<\/li>\n<li aria-level=\"2\">Chinh ph\u1ee5c kh\u00e1ch h\u00e0ng b\u1eb1ng chu\u1ea9n m\u1ef1c d\u1ecbch v\u1ee5 v\u00e0 ch\u1ea5t l\u01b0\u1ee3ng s\u1ea3n ph\u1ea9m<\/li>\n<li aria-level=\"2\">Th\u1ef1c hi\u1ec7n tr\u00e1ch nhi\u1ec7m x\u00e3 h\u1ed9i v\u00e0 \u0111\u00f3ng g\u00f3p cho c\u1ed9ng \u0111\u1ed3ng<\/li>\n<\/ul>\n<\/div><\/div><\/div><div class=\"fusion-layout-column fusion_builder_column fusion-builder-column-4 fusion_builder_column_1_1 1_1 fusion-flex-column fusion-no-medium-visibility fusion-no-large-visibility\" style=\"--awb-padding-right-small:30px;--awb-padding-left-small:30px;--awb-bg-size:cover;--awb-width-large:100%;--awb-margin-top-large:16px;--awb-spacing-right-large:1.92%;--awb-margin-bottom-large:16px;--awb-spacing-left-large:1.92%;--awb-width-medium:100%;--awb-order-medium:0;--awb-spacing-right-medium:1.92%;--awb-spacing-left-medium:1.92%;--awb-width-small:100%;--awb-order-small:0;--awb-margin-top-small:0px;--awb-spacing-right-small:1.92%;--awb-margin-bottom-small:24px;--awb-spacing-left-small:1.92%;\"><div class=\"fusion-column-wrapper fusion-column-has-shadow fusion-flex-justify-content-flex-start fusion-content-layout-column\"><div class=\"fusion-title title fusion-title-3 fusion-sep-none fusion-title-text fusion-title-size-two\" style=\"--awb-text-color:var(--awb-color3);--awb-margin-bottom-small:0px;--awb-font-size:50px;\"><h2 class=\"fusion-title-heading title-heading-left fusion-responsive-typography-calculated\" style=\"margin:0;font-size:1em;--fontSize:50;line-height:1.12;\">C\u00f4ng ty t\u01b0 v\u1ea5n lu\u1eadt h\u00e0ng \u0111\u1ea7u Vi\u1ec7t Nam<\/h2><\/div><div class=\"fusion-text fusion-text-4\" style=\"--awb-font-size:16px;--awb-text-color:#aaaaaa;--awb-margin-top:20px;\"><p>V\u1edbi b\u1ec1 d\u00e0y nhi\u1ec1u n\u0103m kinh nghi\u1ec7m c\u00f9ng \u0111\u1ed9i ng\u0169 lu\u1eadt s\u01b0 v\u00e0 chuy\u00ean gia c\u1ed1 v\u1ea5n h\u00f9ng h\u1eadu, H&amp;C Legal cam k\u1ebft cung c\u1ea5p c\u00e1c gi\u1ea3i ph\u00e1p t\u01b0 v\u1ea5n chuy\u00ean nghi\u1ec7p v\u1edbi ch\u1ea5t l\u01b0\u1ee3ng cao v\u00e0 m\u1ee9c chi ph\u00ed h\u1ee3p l\u00fd nh\u1ea5t c\u00f9ng c\u00e1c gi\u1ea3i ph\u00e1p to\u00e0n di\u1ec7n, s\u00e1ng t\u1ea1o v\u00e0 th\u1ef1c ti\u1ec5n cho c\u00e1c v\u1ea5n \u0111\u1ec1 c\u1ee7a doanh nghi\u1ec7p.<\/p>\n<\/div><\/div><\/div><div class=\"fusion-layout-column fusion_builder_column fusion-builder-column-5 awb-sticky awb-sticky-small awb-sticky-medium awb-sticky-large fusion_builder_column_1_3 1_3 fusion-flex-column\" style=\"--awb-padding-top:8px;--awb-padding-right:28px;--awb-padding-bottom:8px;--awb-padding-left:28px;--awb-bg-color:var(--awb-color2);--awb-bg-color-hover:var(--awb-color2);--awb-bg-size:cover;--awb-width-large:33.333333333333%;--awb-margin-top-large:32px;--awb-spacing-right-large:5.76%;--awb-margin-bottom-large:16px;--awb-spacing-left-large:5.76%;--awb-width-medium:33.333333333333%;--awb-order-medium:0;--awb-spacing-right-medium:5.76%;--awb-spacing-left-medium:5.76%;--awb-width-small:100%;--awb-order-small:0;--awb-margin-top-small:0px;--awb-spacing-right-small:1.92%;--awb-spacing-left-small:1.92%;--awb-sticky-offset:100px;\"><div class=\"fusion-column-wrapper fusion-column-has-shadow fusion-flex-justify-content-flex-start fusion-content-layout-column\"><div class=\"fusion-title title fusion-title-4 fusion-sep-none fusion-title-text fusion-title-size-four\" style=\"--awb-text-color:var(--awb-color8);--awb-margin-bottom:-6px;--awb-margin-bottom-small:0px;--awb-font-size:32px;\"><h4 class=\"fusion-title-heading title-heading-left fusion-responsive-typography-calculated\" style=\"margin:0;font-size:1em;--fontSize:32;line-height:1.32;\"><h2>V\u1ec1 c\u00f4ng ty<\/h2><\/h4><\/div><div class=\"fusion-text fusion-text-5 fusion-text-no-margin\" style=\"--awb-font-size:18px;--awb-line-height:var(--awb-typography4-line-height);--awb-letter-spacing:var(--awb-typography4-letter-spacing);--awb-text-transform:var(--awb-typography4-text-transform);--awb-text-color:var(--awb-color3);--awb-margin-bottom:5px;--awb-text-font-family:&quot;Public Sans&quot;;--awb-text-font-style:normal;--awb-text-font-weight:500;\"><p><a href=\"https:\/\/hclegalcounsel.com\/en\/ve-cong-ty\/\">Introduction&nbsp;<\/a><\/p>\n<\/div><div class=\"fusion-separator fusion-full-width-sep\" style=\"align-self: center;margin-left: auto;margin-right: auto;margin-top:0px;width:100%;\"><div class=\"fusion-separator-border sep-single sep-solid\" style=\"--awb-height:20px;--awb-amount:20px;--awb-sep-color:hsla(var(--awb-color8-h),var(--awb-color8-s),var(--awb-color8-l),calc(var(--awb-color8-a) - 80%));border-color:hsla(var(--awb-color8-h),var(--awb-color8-s),var(--awb-color8-l),calc(var(--awb-color8-a) - 80%));border-top-width:1px;\"><\/div><\/div><div class=\"fusion-text fusion-text-6 fusion-text-no-margin\" style=\"--awb-font-size:18px;--awb-line-height:var(--awb-typography4-line-height);--awb-letter-spacing:var(--awb-typography4-letter-spacing);--awb-text-transform:var(--awb-typography4-text-transform);--awb-text-color:var(--awb-color3);--awb-margin-bottom:5px;--awb-text-font-family:&quot;Public Sans&quot;;--awb-text-font-style:normal;--awb-text-font-weight:500;\"><p><a href=\"https:\/\/hclegalcounsel.com\/en\/tam-nhin\/\">T\u1ea7m nh\u00ecn<\/a><\/p>\n<\/div><div class=\"fusion-separator fusion-full-width-sep\" style=\"align-self: center;margin-left: auto;margin-right: auto;margin-top:0px;width:100%;\"><div class=\"fusion-separator-border sep-single sep-solid\" style=\"--awb-height:20px;--awb-amount:20px;--awb-sep-color:hsla(var(--awb-color8-h),var(--awb-color8-s),var(--awb-color8-l),calc(var(--awb-color8-a) - 80%));border-color:hsla(var(--awb-color8-h),var(--awb-color8-s),var(--awb-color8-l),calc(var(--awb-color8-a) - 80%));border-top-width:1px;\"><\/div><\/div><div class=\"fusion-text fusion-text-7 fusion-text-no-margin\" style=\"--awb-font-size:18px;--awb-line-height:var(--awb-typography4-line-height);--awb-letter-spacing:var(--awb-typography4-letter-spacing);--awb-text-transform:var(--awb-typography4-text-transform);--awb-text-color:var(--awb-color8);--awb-margin-top:5px;--awb-margin-bottom:5px;--awb-text-font-family:&quot;Public Sans&quot;;--awb-text-font-style:normal;--awb-text-font-weight:500;\"><p><a href=\"https:\/\/hclegalcounsel.com\/en\/su-menh\/\">S\u1ee9 m\u1ec7nh&nbsp;<\/a><\/p>\n<\/div><div class=\"fusion-separator fusion-full-width-sep\" style=\"align-self: center;margin-left: auto;margin-right: auto;margin-top:0px;width:100%;\"><div class=\"fusion-separator-border sep-single sep-solid\" style=\"--awb-height:20px;--awb-amount:20px;--awb-sep-color:hsla(var(--awb-color8-h),var(--awb-color8-s),var(--awb-color8-l),calc(var(--awb-color8-a) - 80%));border-color:hsla(var(--awb-color8-h),var(--awb-color8-s),var(--awb-color8-l),calc(var(--awb-color8-a) - 80%));border-top-width:1px;\"><\/div><\/div><div class=\"fusion-text fusion-text-8 fusion-text-no-margin\" style=\"--awb-font-size:18px;--awb-line-height:var(--awb-typography4-line-height);--awb-letter-spacing:var(--awb-typography4-letter-spacing);--awb-text-transform:var(--awb-typography4-text-transform);--awb-margin-top:5px;--awb-margin-bottom:5px;--awb-text-font-family:&quot;Public Sans&quot;;--awb-text-font-style:normal;--awb-text-font-weight:500;\"><p><a href=\"https:\/\/hclegalcounsel.com\/en\/cac-gia-tri-cot-loi\/\">C\u00e1c gi\u00e1 tr\u1ecb c\u1ed1t l\u00f5i&nbsp;<\/a><\/p>\n<\/div><\/div><\/div><\/div><\/div><\/p>","protected":false},"excerpt":{"rendered":"","protected":false},"author":2,"featured_media":0,"parent":0,"menu_order":0,"comment_status":"closed","ping_status":"closed","template":"100-width.php","meta":{"footnotes":""},"aioseo_notices":[],"_links":{"self":[{"href":"https:\/\/hclegalcounsel.com\/en\/wp-json\/wp\/v2\/pages\/3803"}],"collection":[{"href":"https:\/\/hclegalcounsel.com\/en\/wp-json\/wp\/v2\/pages"}],"about":[{"href":"https:\/\/hclegalcounsel.com\/en\/wp-json\/wp\/v2\/types\/page"}],"author":[{"embeddable":true,"href":"https:\/\/hclegalcounsel.com\/en\/wp-json\/wp\/v2\/users\/2"}],"replies":[{"embeddable":true,"href":"https:\/\/hclegalcounsel.com\/en\/wp-json\/wp\/v2\/comments?post=3803"}],"version-history":[{"count":13,"href":"https:\/\/hclegalcounsel.com\/en\/wp-json\/wp\/v2\/pages\/3803\/revisions"}],"predecessor-version":[{"id":4789,"href":"https:\/\/hclegalcounsel.com\/en\/wp-json\/wp\/v2\/pages\/3803\/revisions\/4789"}],"wp:attachment":[{"href":"https:\/\/hclegalcounsel.com\/en\/wp-json\/wp\/v2\/media?parent=3803"}],"curies":[{"name":"wp","href":"https:\/\/api.w.org\/{rel}","templated":true}]}}