{"id":4216,"date":"2023-12-07T07:37:47","date_gmt":"2023-12-07T07:37:47","guid":{"rendered":"https:\/\/hclegalcounsel.com\/?page_id=4216"},"modified":"2023-12-25T15:08:42","modified_gmt":"2023-12-25T15:08:42","slug":"tuyen-dung","status":"publish","type":"page","link":"https:\/\/hclegalcounsel.com\/en\/tuyen-dung\/","title":{"rendered":"Tuy\u1ec3n d\u1ee5ng"},"content":{"rendered":"<p><div class=\"fusion-fullwidth fullwidth-box fusion-builder-row-1 fusion-flex-container has-pattern-background has-mask-background fusion-parallax-none hundred-percent-fullwidth non-hundred-percent-height-scrolling lazyload\" style=\"--awb-border-sizes-top:0;--awb-border-sizes-bottom:0;--awb-border-sizes-left:0;--awb-border-sizes-right:0;--awb-border-radius-top-left:0px;--awb-border-radius-top-right:0px;--awb-border-radius-bottom-right:0px;--awb-border-radius-bottom-left:0px;--awb-padding-top:186px;--awb-padding-bottom:0px;--awb-padding-left:0px;--awb-padding-top-small:300px;--awb-margin-top:-60px;--awb-background-size:cover;--awb-flex-wrap:wrap;\" data-bg=\"http:\/\/hclegalcounsel.com\/wp-content\/uploads\/2023\/12\/pexels-thirdman-7653462-scaled.jpg\" ><div class=\"fusion-builder-row fusion-row fusion-flex-align-items-flex-start fusion-flex-content-wrap\" style=\"width:104% !important;max-width:104% !important;margin-left: calc(-4% \/ 2 );margin-right: calc(-4% \/ 2 );\"><div class=\"fusion-layout-column fusion_builder_column fusion-builder-column-0 fusion_builder_column_2_5 2_5 fusion-flex-column fusion-no-small-visibility\" style=\"--awb-bg-size:cover;--awb-width-large:40%;--awb-margin-top-large:16px;--awb-spacing-right-large:4.8%;--awb-margin-bottom-large:16px;--awb-spacing-left-large:4.8%;--awb-width-medium:40%;--awb-order-medium:0;--awb-spacing-right-medium:4.8%;--awb-spacing-left-medium:4.8%;--awb-width-small:100%;--awb-order-small:0;--awb-spacing-right-small:1.92%;--awb-spacing-left-small:1.92%;\"><div class=\"fusion-column-wrapper fusion-column-has-shadow fusion-flex-justify-content-flex-start fusion-content-layout-column\"><\/div><\/div><div class=\"fusion-layout-column fusion_builder_column fusion-builder-column-1 fusion_builder_column_1_2 1_2 fusion-flex-column fusion-no-small-visibility\" style=\"--awb-padding-top:30px;--awb-padding-right:29px;--awb-padding-bottom:30px;--awb-padding-left:25px;--awb-bg-color:var(--awb-color3);--awb-bg-color-hover:var(--awb-color3);--awb-bg-size:cover;--awb-width-large:50%;--awb-margin-top-large:16px;--awb-spacing-right-large:11.328%;--awb-margin-bottom-large:-50px;--awb-spacing-left-large:0.96%;--awb-width-medium:50%;--awb-order-medium:0;--awb-spacing-right-medium:11.328%;--awb-spacing-left-medium:0.96%;--awb-width-small:100%;--awb-order-small:0;--awb-spacing-right-small:1.92%;--awb-spacing-left-small:1.92%;\"><div class=\"fusion-column-wrapper fusion-column-has-shadow fusion-flex-justify-content-flex-start fusion-content-layout-column\"><div class=\"fusion-title title fusion-title-1 fusion-sep-none fusion-title-text fusion-title-size-two\" style=\"--awb-text-color:var(--awb-color1);--awb-margin-left:20px;--awb-font-size:40px;\"><h2 class=\"fusion-title-heading title-heading-left fusion-responsive-typography-calculated\" style=\"margin:0;font-size:1em;--fontSize:40;line-height:1.12;\">M\u00f4i tr\u01b0\u1eddng l\u00e0m vi\u1ec7c chuy\u00ean nghi\u1ec7p v\u00e0 l\u00fd t\u01b0\u1edfng&nbsp;<\/h2><\/div><div class=\"fusion-text fusion-text-1\" style=\"--awb-text-color:var(--awb-color1);--awb-margin-right:22px;--awb-margin-left:20px;\"><p>M\u1ee5c ti\u00eau c\u1ee7a H&amp;C Legal kh\u00f4ng g\u00ec kh\u00e1c ch\u00ednh l\u00e0 cung c\u1ea5p cho b\u1ea1n m\u1ed9t m\u00f4i tr\u01b0\u1eddng l\u00e0m vi\u1ec7c l\u00fd t\u01b0\u1edfng \u0111\u1ec3 gi\u00fap b\u1ea1n ph\u00e1t tri\u1ec3n v\u00e0 ph\u1ea5n \u0111\u1ea5u trong l\u0129nh v\u1ef1c ph\u00e1p l\u00fd \u0111\u1ea7y kh\u1eaft khe nh\u01b0ng v\u00f4 c\u00f9ng h\u1ee9a h\u1eb9n.<\/p>\n<\/div><\/div><\/div><\/div><\/div><div class=\"fusion-fullwidth fullwidth-box fusion-builder-row-2 fusion-flex-container has-pattern-background has-mask-background nonhundred-percent-fullwidth non-hundred-percent-height-scrolling\" style=\"--awb-border-radius-top-left:0px;--awb-border-radius-top-right:0px;--awb-border-radius-bottom-right:0px;--awb-border-radius-bottom-left:0px;--awb-margin-top:124px;--awb-margin-top-small:20px;--awb-flex-wrap:wrap;\" ><div class=\"fusion-builder-row fusion-row fusion-flex-align-items-flex-start fusion-flex-content-wrap\" style=\"max-width:1331.2px;margin-left: calc(-4% \/ 2 );margin-right: calc(-4% \/ 2 );\"><div class=\"fusion-layout-column fusion_builder_column fusion-builder-column-2 fusion_builder_column_3_5 3_5 fusion-flex-column\" style=\"--awb-bg-size:cover;--awb-width-large:60%;--awb-margin-top-large:16px;--awb-spacing-right-large:6.88%;--awb-margin-bottom-large:16px;--awb-spacing-left-large:8.8%;--awb-width-medium:60%;--awb-order-medium:0;--awb-spacing-right-medium:6.88%;--awb-spacing-left-medium:8.8%;--awb-width-small:100%;--awb-order-small:1;--awb-spacing-right-small:1.92%;--awb-spacing-left-small:1.92%;\"><div class=\"fusion-column-wrapper fusion-column-has-shadow fusion-flex-justify-content-flex-start fusion-content-layout-column\"><div class=\"fusion-image-element\" style=\"--awb-caption-title-font-family:var(--h2_typography-font-family);--awb-caption-title-font-weight:var(--h2_typography-font-weight);--awb-caption-title-font-style:var(--h2_typography-font-style);--awb-caption-title-size:var(--h2_typography-font-size);--awb-caption-title-transform:var(--h2_typography-text-transform);--awb-caption-title-line-height:var(--h2_typography-line-height);--awb-caption-title-letter-spacing:var(--h2_typography-letter-spacing);\"><span class=\"fusion-imageframe imageframe-none imageframe-1 hover-type-none\"><img decoding=\"async\" width=\"2560\" height=\"1707\" title=\"pexels-helena-lopes-1015568\" src=\"https:\/\/hclegalcounsel.com\/wp-content\/uploads\/2023\/12\/pexels-helena-lopes-1015568-scaled.jpg\" data-orig-src=\"http:\/\/hclegalcounsel.com\/wp-content\/uploads\/2023\/12\/pexels-helena-lopes-1015568-scaled.jpg\" alt class=\"lazyload img-responsive wp-image-4224\" srcset=\"data:image\/svg+xml,%3Csvg%20xmlns%3D%27http%3A%2F%2Fwww.w3.org%2F2000%2Fsvg%27%20width%3D%272560%27%20height%3D%271707%27%20viewBox%3D%270%200%202560%201707%27%3E%3Crect%20width%3D%272560%27%20height%3D%271707%27%20fill-opacity%3D%220%22%2F%3E%3C%2Fsvg%3E\" data-srcset=\"https:\/\/hclegalcounsel.com\/wp-content\/uploads\/2023\/12\/pexels-helena-lopes-1015568-200x133.jpg 200w, https:\/\/hclegalcounsel.com\/wp-content\/uploads\/2023\/12\/pexels-helena-lopes-1015568-400x267.jpg 400w, https:\/\/hclegalcounsel.com\/wp-content\/uploads\/2023\/12\/pexels-helena-lopes-1015568-600x400.jpg 600w, https:\/\/hclegalcounsel.com\/wp-content\/uploads\/2023\/12\/pexels-helena-lopes-1015568-800x533.jpg 800w, https:\/\/hclegalcounsel.com\/wp-content\/uploads\/2023\/12\/pexels-helena-lopes-1015568-1200x800.jpg 1200w, https:\/\/hclegalcounsel.com\/wp-content\/uploads\/2023\/12\/pexels-helena-lopes-1015568-scaled.jpg 2560w\" data-sizes=\"auto\" data-orig-sizes=\"(max-width: 640px) 100vw, 800px\" \/><\/span><\/div><\/div><\/div><div class=\"fusion-layout-column fusion_builder_column fusion-builder-column-3 fusion_builder_column_1_1 1_1 fusion-flex-column fusion-no-medium-visibility fusion-no-large-visibility\" style=\"--awb-padding-right-small:20px;--awb-padding-left-small:20px;--awb-bg-size:cover;--awb-width-large:100%;--awb-margin-top-large:16px;--awb-spacing-right-large:1.92%;--awb-margin-bottom-large:16px;--awb-spacing-left-large:1.92%;--awb-width-medium:100%;--awb-order-medium:0;--awb-spacing-right-medium:1.92%;--awb-spacing-left-medium:1.92%;--awb-width-small:100%;--awb-order-small:0;--awb-margin-top-small:0px;--awb-spacing-right-small:1.92%;--awb-margin-bottom-small:0px;--awb-spacing-left-small:1.92%;\"><div class=\"fusion-column-wrapper fusion-column-has-shadow fusion-flex-justify-content-flex-start fusion-content-layout-column\"><div class=\"fusion-title title fusion-title-2 fusion-sep-none fusion-title-text fusion-title-size-two\" style=\"--awb-text-color:var(--awb-color3);--awb-margin-bottom-small:0px;--awb-font-size:50px;\"><h2 class=\"fusion-title-heading title-heading-left fusion-responsive-typography-calculated\" style=\"margin:0;font-size:1em;--fontSize:50;line-height:1.12;\">M\u00f4i tr\u01b0\u1eddng l\u00e0m vi\u1ec7c chuy\u00ean nghi\u1ec7p v\u00e0 l\u00fd t\u01b0\u1edfng&nbsp;<\/h2><\/div><div class=\"fusion-text fusion-text-2\" style=\"--awb-font-size:16px;--awb-text-color:#aaaaaa;--awb-margin-top:20px;\"><p>M\u1ee5c ti\u00eau c\u1ee7a H&amp;C Legal kh\u00f4ng g\u00ec kh\u00e1c ch\u00ednh l\u00e0 cung c\u1ea5p cho b\u1ea1n m\u1ed9t m\u00f4i tr\u01b0\u1eddng l\u00e0m vi\u1ec7c l\u00fd t\u01b0\u1edfng \u0111\u1ec3 gi\u00fap b\u1ea1n ph\u00e1t tri\u1ec3n v\u00e0 ph\u1ea5n \u0111\u1ea5u trong l\u0129nh v\u1ef1c ph\u00e1p l\u00fd \u0111\u1ea7y kh\u1eaft khe nh\u01b0ng v\u00f4 c\u00f9ng h\u1ee9a h\u1eb9n&nbsp;<\/p>\n<\/div><\/div><\/div><div class=\"fusion-layout-column fusion_builder_column fusion-builder-column-4 fusion_builder_column_2_5 2_5 fusion-flex-column\" style=\"--awb-padding-right-small:20px;--awb-padding-left-small:20px;--awb-bg-size:cover;--awb-width-large:40%;--awb-margin-top-large:2px;--awb-spacing-right-large:4.8%;--awb-margin-bottom-large:16px;--awb-spacing-left-large:24px;--awb-width-medium:40%;--awb-order-medium:0;--awb-spacing-right-medium:4.8%;--awb-spacing-left-medium:24px;--awb-width-small:100%;--awb-order-small:2;--awb-spacing-right-small:1.92%;--awb-margin-bottom-small:0px;--awb-spacing-left-small:1.92%;\"><div class=\"fusion-column-wrapper fusion-column-has-shadow fusion-flex-justify-content-flex-start fusion-content-layout-column\"><div class=\"fusion-title title fusion-title-3 fusion-sep-none fusion-title-text fusion-title-size-two\" style=\"--awb-text-color:var(--awb-color8);--awb-margin-top:0px;--awb-margin-bottom:0px;--awb-margin-bottom-small:0px;\"><h2 class=\"fusion-title-heading title-heading-left fusion-responsive-typography-calculated\" style=\"margin:0;--fontSize:60;line-height:1.12;\">M\u00f4i tr\u01b0\u1eddng l\u00e0m vi\u1ec7c l\u00fd t\u01b0\u1edfng&nbsp;<\/h2><\/div><div class=\"fusion-text fusion-text-3 fusion-text-no-margin\" style=\"--awb-margin-top:32px;\"><p>T\u1ea1i H&amp;C, ch\u00fang t\u00f4i lu\u00f4n n\u1ed7 l\u1ef1c \u0111\u1ea1t \u0111\u01b0\u1ee3c s\u1ef1 xu\u1ea5t s\u1eafc trong m\u1ecdi l\u0129nh v\u1ef1c c\u00f4ng vi\u1ec7c, v\u01b0\u1ee3t tr\u00ean s\u1ef1 mong \u0111\u1ee3i c\u1ee7a kh\u00e1ch h\u00e0ng c\u0169ng nh\u01b0 c\u1ee7a ch\u00ednh ch\u00fang t\u00f4i. V\u00ec v\u1eady, ch\u00fang t\u00f4i li\u00ean t\u1ee5c th\u1eed th\u00e1ch b\u1ea3n th\u00e2n, c\u1ea3 v\u1ec1 chuy\u00ean m\u00f4n l\u1eabn k\u1ef9 n\u0103ng h\u00e0nh ngh\u1ec1 nh\u1eb1m th\u00fac \u0111\u1ea9y m\u1ed9t n\u1ec1n v\u0103n h\u00f3a ph\u00e1t huy t\u00e0i n\u0103ng v\u00e0 cho ph\u00e9p ti\u1ec1m n\u0103ng c\u1ee7a m\u1ecdi ng\u01b0\u1eddi ph\u00e1t tri\u1ec3n c\u1ea3 trong v\u00e0 ngo\u00e0i c\u00f4ng ty.<\/p>\n<\/div><div ><a class=\"fusion-button button-flat fusion-button-default-size button-custom fusion-button-default button-1 fusion-button-default-span fusion-button-default-type fusion-has-button-gradient\" style=\"--button_accent_color:var(--awb-color3);--button_border_color:var(--awb-color3);--button_accent_hover_color:var(--awb-color1);--button_border_hover_color:var(--awb-color3);--button_border_width-top:1px;--button_border_width-right:1px;--button_border_width-bottom:1px;--button_border_width-left:1px;--button-border-radius-top-left:0;--button-border-radius-top-right:0;--button-border-radius-bottom-right:0;--button-border-radius-bottom-left:0;--button_gradient_top_color:var(--awb-color1);--button_gradient_bottom_color:var(--awb-color1);--button_gradient_top_color_hover:#b0332b;--button_gradient_bottom_color_hover:var(--awb-color3);--button_margin-top:44px;\" target=\"_self\" href=\"https:\/\/hclegalcounsel.com\/en\/ve-cong-ty\/\"><span class=\"fusion-button-text\">T\u00ecm hi\u1ec3u th\u00eam <\/span><\/a><\/div><\/div><\/div><\/div><\/div><div class=\"fusion-fullwidth fullwidth-box fusion-builder-row-3 fusion-flex-container has-pattern-background has-mask-background nonhundred-percent-fullwidth non-hundred-percent-height-scrolling\" style=\"--awb-border-radius-top-left:0px;--awb-border-radius-top-right:0px;--awb-border-radius-bottom-right:0px;--awb-border-radius-bottom-left:0px;--awb-margin-top:90px;--awb-margin-top-small:40px;--awb-flex-wrap:wrap;\" ><div class=\"fusion-builder-row fusion-row fusion-flex-align-items-flex-start fusion-flex-content-wrap\" style=\"max-width:1331.2px;margin-left: calc(-4% \/ 2 );margin-right: calc(-4% \/ 2 );\"><div class=\"fusion-layout-column fusion_builder_column fusion-builder-column-5 fusion_builder_column_2_5 2_5 fusion-flex-column\" style=\"--awb-padding-right-small:30px;--awb-padding-left-small:30px;--awb-bg-size:cover;--awb-width-large:40%;--awb-margin-top-large:0px;--awb-spacing-right-large:0px;--awb-margin-bottom-large:16px;--awb-spacing-left-large:13.2%;--awb-width-medium:40%;--awb-order-medium:0;--awb-spacing-right-medium:0px;--awb-spacing-left-medium:13.2%;--awb-width-small:100%;--awb-order-small:1;--awb-spacing-right-small:1.92%;--awb-margin-bottom-small:0px;--awb-spacing-left-small:1.92%;\"><div class=\"fusion-column-wrapper fusion-column-has-shadow fusion-flex-justify-content-flex-start fusion-content-layout-column\"><div class=\"fusion-title title fusion-title-4 fusion-sep-none fusion-title-text fusion-title-size-two\" style=\"--awb-margin-top:0px;--awb-margin-bottom:;--awb-margin-top-small:0px;--awb-margin-bottom-small:0px;\"><h2 class=\"fusion-title-heading title-heading-left fusion-responsive-typography-calculated\" style=\"margin:0;--fontSize:60;line-height:1.12;\">Tham gia \u0111\u1ed9i ng\u0169 H&amp;C Legal<\/h2><\/div><div class=\"fusion-text fusion-text-4\" style=\"--awb-margin-top:32px;\"><p>H&amp;C lu\u00f4n kh\u00f4ng ng\u1eebng t\u00ecm ki\u1ebfm nh\u1eefng sinh vi\u00ean lu\u1eadt v\u00e0 lu\u1eadt s\u01b0 xu\u1ea5t s\u1eafc, t\u1eadn t\u00e2m v\u1edbi c\u00f4ng vi\u1ec7c v\u00e0 c\u00f3 \u0111\u1ea1o \u0111\u1ee9c ngh\u1ec1 nghi\u1ec7p cao \u0111\u1ec3 tham gia c\u00f9ng ch\u00fang t\u00f4i. Ngay c\u1ea3 khi kh\u00f4ng c\u00f3 tin tuy\u1ec3n d\u1ee5ng c\u1ee5 th\u1ec3 n\u00e0o ph\u00f9 h\u1ee3p v\u1edbi kinh nghi\u1ec7m c\u1ee7a b\u1ea1n, vui l\u00f2ng g\u1eedi cho ch\u00fang t\u00f4i s\u01a1 y\u1ebfu l\u00fd l\u1ecbch c\u1ee7a b\u1ea1n \u0111\u1ec3 c\u00f3 c\u01a1 h\u1ed9i \u0111\u1ec3 tr\u1edf th\u00e0nh m\u1ed9t m\u1ea3nh gh\u00e9p, ng\u01b0\u1eddi ho\u00e0n h\u1ea3o cho \u0111\u1ed9i ng\u0169 c\u1ee7a ch\u00fang t\u00f4i.<\/p>\n<p>Vui l\u00f2ng g\u1eedi h\u1ed3 s\u01a1 v\u00e0 b\u1eb1ng c\u1ea5p c\u1ee7a b\u1ea1n \u0111\u1ebfn \u0111\u1ecba ch\u1ec9 email sau: <span style=\"color: var(--awb-color3);\"><u>info@hclegalcounsel.com<\/u><\/span><\/p>\n<\/div><\/div><\/div><div class=\"fusion-layout-column fusion_builder_column fusion-builder-column-6 fusion_builder_column_3_5 3_5 fusion-flex-column\" style=\"--awb-bg-size:cover;--awb-width-large:60%;--awb-margin-top-large:12px;--awb-spacing-right-large:3.2%;--awb-margin-bottom-large:16px;--awb-spacing-left-large:6.88%;--awb-width-medium:60%;--awb-order-medium:0;--awb-spacing-right-medium:3.2%;--awb-spacing-left-medium:6.88%;--awb-width-small:100%;--awb-order-small:0;--awb-margin-top-small:0px;--awb-spacing-right-small:1.92%;--awb-spacing-left-small:1.92%;\"><div class=\"fusion-column-wrapper fusion-column-has-shadow fusion-flex-justify-content-flex-start fusion-content-layout-column\"><div class=\"fusion-image-element\" style=\"--awb-caption-title-font-family:var(--h2_typography-font-family);--awb-caption-title-font-weight:var(--h2_typography-font-weight);--awb-caption-title-font-style:var(--h2_typography-font-style);--awb-caption-title-size:var(--h2_typography-font-size);--awb-caption-title-transform:var(--h2_typography-text-transform);--awb-caption-title-line-height:var(--h2_typography-line-height);--awb-caption-title-letter-spacing:var(--h2_typography-letter-spacing);\"><span class=\"fusion-imageframe imageframe-none imageframe-2 hover-type-none\"><img decoding=\"async\" width=\"2560\" height=\"1709\" title=\"pexels-christina-morillo-1181654\" src=\"https:\/\/hclegalcounsel.com\/wp-content\/uploads\/2023\/12\/pexels-christina-morillo-1181654-scaled.jpg\" data-orig-src=\"http:\/\/hclegalcounsel.com\/wp-content\/uploads\/2023\/12\/pexels-christina-morillo-1181654-scaled.jpg\" alt class=\"lazyload img-responsive wp-image-4226\" srcset=\"data:image\/svg+xml,%3Csvg%20xmlns%3D%27http%3A%2F%2Fwww.w3.org%2F2000%2Fsvg%27%20width%3D%272560%27%20height%3D%271709%27%20viewBox%3D%270%200%202560%201709%27%3E%3Crect%20width%3D%272560%27%20height%3D%271709%27%20fill-opacity%3D%220%22%2F%3E%3C%2Fsvg%3E\" data-srcset=\"https:\/\/hclegalcounsel.com\/wp-content\/uploads\/2023\/12\/pexels-christina-morillo-1181654-200x134.jpg 200w, https:\/\/hclegalcounsel.com\/wp-content\/uploads\/2023\/12\/pexels-christina-morillo-1181654-400x267.jpg 400w, https:\/\/hclegalcounsel.com\/wp-content\/uploads\/2023\/12\/pexels-christina-morillo-1181654-600x401.jpg 600w, https:\/\/hclegalcounsel.com\/wp-content\/uploads\/2023\/12\/pexels-christina-morillo-1181654-800x534.jpg 800w, https:\/\/hclegalcounsel.com\/wp-content\/uploads\/2023\/12\/pexels-christina-morillo-1181654-1200x801.jpg 1200w, https:\/\/hclegalcounsel.com\/wp-content\/uploads\/2023\/12\/pexels-christina-morillo-1181654-scaled.jpg 2560w\" data-sizes=\"auto\" data-orig-sizes=\"(max-width: 640px) 100vw, 800px\" \/><\/span><\/div><\/div><\/div><\/div><\/div><\/p>","protected":false},"excerpt":{"rendered":"","protected":false},"author":2,"featured_media":0,"parent":0,"menu_order":0,"comment_status":"closed","ping_status":"closed","template":"100-width.php","meta":{"footnotes":""},"aioseo_notices":[],"_links":{"self":[{"href":"https:\/\/hclegalcounsel.com\/en\/wp-json\/wp\/v2\/pages\/4216"}],"collection":[{"href":"https:\/\/hclegalcounsel.com\/en\/wp-json\/wp\/v2\/pages"}],"about":[{"href":"https:\/\/hclegalcounsel.com\/en\/wp-json\/wp\/v2\/types\/page"}],"author":[{"embeddable":true,"href":"https:\/\/hclegalcounsel.com\/en\/wp-json\/wp\/v2\/users\/2"}],"replies":[{"embeddable":true,"href":"https:\/\/hclegalcounsel.com\/en\/wp-json\/wp\/v2\/comments?post=4216"}],"version-history":[{"count":27,"href":"https:\/\/hclegalcounsel.com\/en\/wp-json\/wp\/v2\/pages\/4216\/revisions"}],"predecessor-version":[{"id":4893,"href":"https:\/\/hclegalcounsel.com\/en\/wp-json\/wp\/v2\/pages\/4216\/revisions\/4893"}],"wp:attachment":[{"href":"https:\/\/hclegalcounsel.com\/en\/wp-json\/wp\/v2\/media?parent=4216"}],"curies":[{"name":"wp","href":"https:\/\/api.w.org\/{rel}","templated":true}]}}